{"id":29,"date":"2022-04-12T07:04:36","date_gmt":"2022-04-12T07:04:36","guid":{"rendered":"http:\/\/localhost\/prueba\/?page_id=29"},"modified":"2022-04-21T06:28:47","modified_gmt":"2022-04-21T06:28:47","slug":"procesiones","status":"publish","type":"page","link":"https:\/\/jesusatado.com\/?page_id=29","title":{"rendered":"Procesiones"},"content":{"rendered":"<h2>Procesiones<\/h2>\n<div class=\"art-article\">\n<ul>\n<li><strong>S\u00c1BADO DE RAMOS<\/strong><\/li>\n<\/ul>\n<div>\n<p>\u00a0\u00a0\u00a0\u00a0\u00a0Participaci\u00f3n en el Preg\u00f3n y Exaltaci\u00f3n de instrumentos de la Semana Santa (Retreta) por la Banda de Cornetas, tambores y bombos.<\/p>\n<p><!--\n\n\n<p class=\"rtecenter\"><img decoding=\"async\" alt=\"Banda de Jes\u00fas Atado en el los a\u00f1os 90\" src=\"\/sites\/default\/files\/paginas\/banda90.jpg\" style=\"height:144px; margin:10px; width:200px\"><\/p>\n\n\n--><\/p>\n<ul>\n<li><strong>MARTES SANTO<\/strong><\/li>\n<\/ul>\n<p><a href=\"https:\/\/jesusatado.com\/?page_id=31\"><strong><em>Procesi\u00f3n de la Buena Esperanza<\/em><\/strong><\/a> (Su inicio fue en la Semana Santa del a\u00f1o 2004, en su inicio se celebro en nuestra t\u00edpica plaza del Torico, para posteriomente celebrarse a los pies de nuestra S.I. Catedral. Una nueva procesi\u00f3n con\u00a0diez a\u00f1os de antig\u00fcedad en la que los asistentes a la misma, pueden depositar sus ruegos a la Vigen. Desde su inicio los ruegos a la Virgen han sido: A\u00f1o 2004 &#8230; 232; A\u00f1o 2005 &#8230; 432; A\u00f1o 2006 &#8230; 370; A\u00f1o Alo 2007&#8230; 367; A\u00f1o 2008&#8230; 356; A\u00f1o 2009 &#8230; 361; A\u00f1o 2010 &#8230; 415; A\u00f1o 2011&#8230; 408; A\u00f1o 2012 &#8230; 366; A\u00f1o 2013 &#8230; 372 y A\u00f1o &#8230;<\/p>\n<p>&nbsp;<\/p>\n<ul>\n<li><strong>JUEVES SANTO<\/strong><\/li>\n<\/ul>\n<p>Procesi\u00f3n General por la tarde sobre las 19 horas, en el centro hist\u00f3rico, junto a las dem\u00e1s hermandades de penitencia.<\/p>\n<p>&nbsp;<\/p>\n<ul>\n<li><strong>VIERNES SANTO<\/strong><\/li>\n<\/ul>\n<p>A las 6 horas de la madrugada, procesi\u00f3n penitencial hasta el Centro Penitenciario, con indulto de un interno y otros actos (26 internos han sido indultados por nuestra mediaci\u00f3n, en nuestros 55 a\u00f1os de existencia). Por la tarde Procesi\u00f3n General por el centro hist\u00f3rico, junto a todas las hermandades de penitencia.<\/p>\n<p>&nbsp;<\/p>\n<ul>\n<li><strong>DOMINGO DE RESURECCI\u00d3N<\/strong><\/li>\n<\/ul>\n<p>Procesi\u00f3n del Resucitado, con representaci\u00f3n de todas las Hermandades.<\/p>\n<p>Se organizan otros actos de car\u00e1cter cultural y religioso, unas fechas antes de la Semana Santa, dentro del Centro Penitenciario, dirigidos a los internos de este Centro. Asimismo en la festividad de Ntra. Sra. de la Esperanza, con nuestras religiosas clarisas.<\/p>\n<p><!--\n\n\n<p class=\"rtecenter\"><img decoding=\"async\" alt=\"Jes\u00fas Resucitado\" src=\"\/sites\/default\/files\/paginas\/resucitado.jpg\" style=\"height:200px; margin:10px; width:150px\"><\/p>\n\n\n--><\/p>\n<\/div>\n<\/div>\n","protected":false},"excerpt":{"rendered":"<p>Procesiones S\u00c1BADO DE RAMOS \u00a0\u00a0\u00a0\u00a0\u00a0Participaci\u00f3n en el Preg\u00f3n y Exaltaci\u00f3n de instrumentos de la Semana Santa (Retreta) por la Banda de Cornetas, tambores y bombos. MARTES SANTO Procesi\u00f3n de la Buena Esperanza (Su inicio fue en la Semana Santa del a\u00f1o 2004, en su inicio se celebro en nuestra t\u00edpica plaza del Torico, para posteriomente [&hellip;]<\/p>\n","protected":false},"author":2,"featured_media":0,"parent":0,"menu_order":0,"comment_status":"closed","ping_status":"closed","template":"","meta":{"footnotes":""},"class_list":["post-29","page","type-page","status-publish","hentry"],"yoast_head":"<!-- This site is optimized with the Yoast SEO plugin v27.2 - https:\/\/yoast.com\/product\/yoast-seo-wordpress\/ -->\n<title>Procesiones -<\/title>\n<meta name=\"robots\" content=\"index, follow, max-snippet:-1, max-image-preview:large, max-video-preview:-1\" \/>\n<link rel=\"canonical\" href=\"https:\/\/jesusatado.com\/?page_id=29\" \/>\n<meta property=\"og:locale\" content=\"es_ES\" \/>\n<meta property=\"og:type\" content=\"article\" \/>\n<meta property=\"og:title\" content=\"Procesiones -\" \/>\n<meta property=\"og:description\" content=\"Procesiones S\u00c1BADO DE RAMOS \u00a0\u00a0\u00a0\u00a0\u00a0Participaci\u00f3n en el Preg\u00f3n y Exaltaci\u00f3n de instrumentos de la Semana Santa (Retreta) por la Banda de Cornetas, tambores y bombos. MARTES SANTO Procesi\u00f3n de la Buena Esperanza (Su inicio fue en la Semana Santa del a\u00f1o 2004, en su inicio se celebro en nuestra t\u00edpica plaza del Torico, para posteriomente [&hellip;]\" \/>\n<meta property=\"og:url\" content=\"https:\/\/jesusatado.com\/?page_id=29\" \/>\n<meta property=\"article:modified_time\" content=\"2022-04-21T06:28:47+00:00\" \/>\n<meta name=\"twitter:card\" content=\"summary_large_image\" \/>\n<meta name=\"twitter:label1\" content=\"Tiempo de lectura\" \/>\n\t<meta name=\"twitter:data1\" content=\"2 minutos\" \/>\n<script type=\"application\/ld+json\" class=\"yoast-schema-graph\">{\"@context\":\"https:\/\/schema.org\",\"@graph\":[{\"@type\":\"WebPage\",\"@id\":\"https:\/\/jesusatado.com\/?page_id=29\",\"url\":\"https:\/\/jesusatado.com\/?page_id=29\",\"name\":\"Procesiones -\",\"isPartOf\":{\"@id\":\"https:\/\/jesusatado.com\/#website\"},\"datePublished\":\"2022-04-12T07:04:36+00:00\",\"dateModified\":\"2022-04-21T06:28:47+00:00\",\"breadcrumb\":{\"@id\":\"https:\/\/jesusatado.com\/?page_id=29#breadcrumb\"},\"inLanguage\":\"es\",\"potentialAction\":[{\"@type\":\"ReadAction\",\"target\":[\"https:\/\/jesusatado.com\/?page_id=29\"]}]},{\"@type\":\"BreadcrumbList\",\"@id\":\"https:\/\/jesusatado.com\/?page_id=29#breadcrumb\",\"itemListElement\":[{\"@type\":\"ListItem\",\"position\":1,\"name\":\"Portada\",\"item\":\"https:\/\/jesusatado.com\/\"},{\"@type\":\"ListItem\",\"position\":2,\"name\":\"Procesiones\"}]},{\"@type\":\"WebSite\",\"@id\":\"https:\/\/jesusatado.com\/#website\",\"url\":\"https:\/\/jesusatado.com\/\",\"name\":\"\",\"description\":\"Jes\u00fas Atado\",\"potentialAction\":[{\"@type\":\"SearchAction\",\"target\":{\"@type\":\"EntryPoint\",\"urlTemplate\":\"https:\/\/jesusatado.com\/?s={search_term_string}\"},\"query-input\":{\"@type\":\"PropertyValueSpecification\",\"valueRequired\":true,\"valueName\":\"search_term_string\"}}],\"inLanguage\":\"es\"}]}<\/script>\n<!-- \/ Yoast SEO plugin. -->","yoast_head_json":{"title":"Procesiones -","robots":{"index":"index","follow":"follow","max-snippet":"max-snippet:-1","max-image-preview":"max-image-preview:large","max-video-preview":"max-video-preview:-1"},"canonical":"https:\/\/jesusatado.com\/?page_id=29","og_locale":"es_ES","og_type":"article","og_title":"Procesiones -","og_description":"Procesiones S\u00c1BADO DE RAMOS \u00a0\u00a0\u00a0\u00a0\u00a0Participaci\u00f3n en el Preg\u00f3n y Exaltaci\u00f3n de instrumentos de la Semana Santa (Retreta) por la Banda de Cornetas, tambores y bombos. MARTES SANTO Procesi\u00f3n de la Buena Esperanza (Su inicio fue en la Semana Santa del a\u00f1o 2004, en su inicio se celebro en nuestra t\u00edpica plaza del Torico, para posteriomente [&hellip;]","og_url":"https:\/\/jesusatado.com\/?page_id=29","article_modified_time":"2022-04-21T06:28:47+00:00","twitter_card":"summary_large_image","twitter_misc":{"Tiempo de lectura":"2 minutos"},"schema":{"@context":"https:\/\/schema.org","@graph":[{"@type":"WebPage","@id":"https:\/\/jesusatado.com\/?page_id=29","url":"https:\/\/jesusatado.com\/?page_id=29","name":"Procesiones -","isPartOf":{"@id":"https:\/\/jesusatado.com\/#website"},"datePublished":"2022-04-12T07:04:36+00:00","dateModified":"2022-04-21T06:28:47+00:00","breadcrumb":{"@id":"https:\/\/jesusatado.com\/?page_id=29#breadcrumb"},"inLanguage":"es","potentialAction":[{"@type":"ReadAction","target":["https:\/\/jesusatado.com\/?page_id=29"]}]},{"@type":"BreadcrumbList","@id":"https:\/\/jesusatado.com\/?page_id=29#breadcrumb","itemListElement":[{"@type":"ListItem","position":1,"name":"Portada","item":"https:\/\/jesusatado.com\/"},{"@type":"ListItem","position":2,"name":"Procesiones"}]},{"@type":"WebSite","@id":"https:\/\/jesusatado.com\/#website","url":"https:\/\/jesusatado.com\/","name":"","description":"Jes\u00fas Atado","potentialAction":[{"@type":"SearchAction","target":{"@type":"EntryPoint","urlTemplate":"https:\/\/jesusatado.com\/?s={search_term_string}"},"query-input":{"@type":"PropertyValueSpecification","valueRequired":true,"valueName":"search_term_string"}}],"inLanguage":"es"}]}},"_links":{"self":[{"href":"https:\/\/jesusatado.com\/index.php?rest_route=\/wp\/v2\/pages\/29","targetHints":{"allow":["GET"]}}],"collection":[{"href":"https:\/\/jesusatado.com\/index.php?rest_route=\/wp\/v2\/pages"}],"about":[{"href":"https:\/\/jesusatado.com\/index.php?rest_route=\/wp\/v2\/types\/page"}],"author":[{"embeddable":true,"href":"https:\/\/jesusatado.com\/index.php?rest_route=\/wp\/v2\/users\/2"}],"replies":[{"embeddable":true,"href":"https:\/\/jesusatado.com\/index.php?rest_route=%2Fwp%2Fv2%2Fcomments&post=29"}],"version-history":[{"count":1,"href":"https:\/\/jesusatado.com\/index.php?rest_route=\/wp\/v2\/pages\/29\/revisions"}],"predecessor-version":[{"id":347,"href":"https:\/\/jesusatado.com\/index.php?rest_route=\/wp\/v2\/pages\/29\/revisions\/347"}],"wp:attachment":[{"href":"https:\/\/jesusatado.com\/index.php?rest_route=%2Fwp%2Fv2%2Fmedia&parent=29"}],"curies":[{"name":"wp","href":"https:\/\/api.w.org\/{rel}","templated":true}]}}