{"id":31,"date":"2022-04-12T07:07:08","date_gmt":"2022-04-12T07:07:08","guid":{"rendered":"http:\/\/localhost\/prueba\/?page_id=31"},"modified":"2022-04-20T07:05:08","modified_gmt":"2022-04-20T07:05:08","slug":"procesion-de-la-buena-esperanza","status":"publish","type":"page","link":"https:\/\/jesusatado.com\/?page_id=31","title":{"rendered":"PROCESI\u00d3N DE LA BUENA ESPERANZA"},"content":{"rendered":"<h2>Procesi\u00f3n de la Buena Esperanza<\/h2>\n<div class=\"art-postcontent\">\n<p><!-- article-content --><\/p>\n<div class=\"art-article\">\n<div id=\"cuerpo\">\n<p class=\"normal\" align=\"justify\">\u00a0\u00a0\u00a0\u00a0\u00a0Llevamos siete a\u00f1os comprometidos dentro de la procesi\u00f3n de la \u00abBuena Esperanza\u00bb.<\/p>\n<p class=\"normal\" align=\"justify\">\u00a0\u00a0\u00a0\u00a0\u00a0Una procesi\u00f3n que naci\u00f3 enfocada con la idea de que la gente participara depositando sus ruegos durante la misma. El primer a\u00f1o con todas las reservas propias de c\u00f3mo iban a responder o como iba a ser la participaci\u00f3n, tuvimos 232 ruegos, que fueron depositados a los pies de la Virgen y posteriormente le\u00eddos por la religiosas clarisas en sus oraciones; lo que a la Junta y Hermandad dejo satisfechos.<\/p>\n<p class=\"normal\" align=\"justify\">\u00a0\u00a0\u00a0\u00a0\u00a0El pasado a\u00f1o se depositaron 462 ruegos, lo que nos mueve a seguir en esta nueva procesi\u00f3n que todav\u00eda le falta algo para su consolidaci\u00f3n definitiva -todos los principios son un poco duros-, pero que poco a poco conseguiremos nuestro prop\u00f3sito a trav\u00e9s de nuestra buena esperanza.<\/p>\n<p align=\"justify\"><img decoding=\"async\" class=\"alignnone size-full wp-image-192\" src=\"https:\/\/jesusatado.com\/wp-content\/uploads\/2022\/04\/ruegos.jpg\" alt=\"\" width=\"250\" height=\"160\" \/><\/p>\n<p><!--\n\n<center>\n<img decoding=\"async\" alt=\"Ruegos en la Procesi\u00f3n de la Buena Esperanza\" src=\"\/sites\/default\/files\/paginas\/ruegos.jpg\" style=\"width: 250px; height: 160px; margin: 10px;\"><\/center>\n\n<\/div>\n\n\n<a class=\"da2a_button\" href=\"https:\/\/www.addtoany.com\/share#url=http%3A%2F%2Fwww.jesusatado.com%2Fcontent%2Fprocesi%25C3%25B3n-de-la-buena-esperanza&amp;title=Procesi%C3%B3n%20de%20la%20Buena%20Esperanza\" id=\"da2a_1\"><img decoding=\"async\" src=\"\/sites\/all\/modules\/addtoany\/images\/share_16_16.png\" width=\"16\" height=\"16\" alt=\"Compartelo\"><\/a>--><\/p>\n<\/div>\n<\/div>\n<\/div>\n","protected":false},"excerpt":{"rendered":"<p>Procesi\u00f3n de la Buena Esperanza \u00a0\u00a0\u00a0\u00a0\u00a0Llevamos siete a\u00f1os comprometidos dentro de la procesi\u00f3n de la \u00abBuena Esperanza\u00bb. \u00a0\u00a0\u00a0\u00a0\u00a0Una procesi\u00f3n que naci\u00f3 enfocada con la idea de que la gente participara depositando sus ruegos durante la misma. El primer a\u00f1o con todas las reservas propias de c\u00f3mo iban a responder o como iba a ser la [&hellip;]<\/p>\n","protected":false},"author":2,"featured_media":0,"parent":0,"menu_order":0,"comment_status":"closed","ping_status":"closed","template":"","meta":{"footnotes":""},"class_list":["post-31","page","type-page","status-publish","hentry"],"yoast_head":"<!-- This site is optimized with the Yoast SEO plugin v27.2 - https:\/\/yoast.com\/product\/yoast-seo-wordpress\/ -->\n<title>PROCESI\u00d3N DE LA BUENA ESPERANZA -<\/title>\n<meta name=\"robots\" content=\"index, follow, max-snippet:-1, max-image-preview:large, max-video-preview:-1\" \/>\n<link rel=\"canonical\" href=\"https:\/\/jesusatado.com\/?page_id=31\" \/>\n<meta property=\"og:locale\" content=\"es_ES\" \/>\n<meta property=\"og:type\" content=\"article\" \/>\n<meta property=\"og:title\" content=\"PROCESI\u00d3N DE LA BUENA ESPERANZA -\" \/>\n<meta property=\"og:description\" content=\"Procesi\u00f3n de la Buena Esperanza \u00a0\u00a0\u00a0\u00a0\u00a0Llevamos siete a\u00f1os comprometidos dentro de la procesi\u00f3n de la \u00abBuena Esperanza\u00bb. \u00a0\u00a0\u00a0\u00a0\u00a0Una procesi\u00f3n que naci\u00f3 enfocada con la idea de que la gente participara depositando sus ruegos durante la misma. El primer a\u00f1o con todas las reservas propias de c\u00f3mo iban a responder o como iba a ser la [&hellip;]\" \/>\n<meta property=\"og:url\" content=\"https:\/\/jesusatado.com\/?page_id=31\" \/>\n<meta property=\"article:modified_time\" content=\"2022-04-20T07:05:08+00:00\" \/>\n<meta property=\"og:image\" content=\"https:\/\/jesusatado.com\/wp-content\/uploads\/2022\/04\/ruegos.jpg\" \/>\n<meta name=\"twitter:card\" content=\"summary_large_image\" \/>\n<meta name=\"twitter:label1\" content=\"Tiempo de lectura\" \/>\n\t<meta name=\"twitter:data1\" content=\"2 minutos\" \/>\n<script type=\"application\/ld+json\" class=\"yoast-schema-graph\">{\"@context\":\"https:\/\/schema.org\",\"@graph\":[{\"@type\":\"WebPage\",\"@id\":\"https:\/\/jesusatado.com\/?page_id=31\",\"url\":\"https:\/\/jesusatado.com\/?page_id=31\",\"name\":\"PROCESI\u00d3N DE LA BUENA ESPERANZA -\",\"isPartOf\":{\"@id\":\"https:\/\/jesusatado.com\/#website\"},\"primaryImageOfPage\":{\"@id\":\"https:\/\/jesusatado.com\/?page_id=31#primaryimage\"},\"image\":{\"@id\":\"https:\/\/jesusatado.com\/?page_id=31#primaryimage\"},\"thumbnailUrl\":\"https:\/\/jesusatado.com\/wp-content\/uploads\/2022\/04\/ruegos.jpg\",\"datePublished\":\"2022-04-12T07:07:08+00:00\",\"dateModified\":\"2022-04-20T07:05:08+00:00\",\"breadcrumb\":{\"@id\":\"https:\/\/jesusatado.com\/?page_id=31#breadcrumb\"},\"inLanguage\":\"es\",\"potentialAction\":[{\"@type\":\"ReadAction\",\"target\":[\"https:\/\/jesusatado.com\/?page_id=31\"]}]},{\"@type\":\"ImageObject\",\"inLanguage\":\"es\",\"@id\":\"https:\/\/jesusatado.com\/?page_id=31#primaryimage\",\"url\":\"https:\/\/jesusatado.com\/wp-content\/uploads\/2022\/04\/ruegos.jpg\",\"contentUrl\":\"https:\/\/jesusatado.com\/wp-content\/uploads\/2022\/04\/ruegos.jpg\",\"width\":250,\"height\":160},{\"@type\":\"BreadcrumbList\",\"@id\":\"https:\/\/jesusatado.com\/?page_id=31#breadcrumb\",\"itemListElement\":[{\"@type\":\"ListItem\",\"position\":1,\"name\":\"Portada\",\"item\":\"https:\/\/jesusatado.com\/\"},{\"@type\":\"ListItem\",\"position\":2,\"name\":\"PROCESI\u00d3N DE LA BUENA ESPERANZA\"}]},{\"@type\":\"WebSite\",\"@id\":\"https:\/\/jesusatado.com\/#website\",\"url\":\"https:\/\/jesusatado.com\/\",\"name\":\"\",\"description\":\"Jes\u00fas Atado\",\"potentialAction\":[{\"@type\":\"SearchAction\",\"target\":{\"@type\":\"EntryPoint\",\"urlTemplate\":\"https:\/\/jesusatado.com\/?s={search_term_string}\"},\"query-input\":{\"@type\":\"PropertyValueSpecification\",\"valueRequired\":true,\"valueName\":\"search_term_string\"}}],\"inLanguage\":\"es\"}]}<\/script>\n<!-- \/ Yoast SEO plugin. -->","yoast_head_json":{"title":"PROCESI\u00d3N DE LA BUENA ESPERANZA -","robots":{"index":"index","follow":"follow","max-snippet":"max-snippet:-1","max-image-preview":"max-image-preview:large","max-video-preview":"max-video-preview:-1"},"canonical":"https:\/\/jesusatado.com\/?page_id=31","og_locale":"es_ES","og_type":"article","og_title":"PROCESI\u00d3N DE LA BUENA ESPERANZA -","og_description":"Procesi\u00f3n de la Buena Esperanza \u00a0\u00a0\u00a0\u00a0\u00a0Llevamos siete a\u00f1os comprometidos dentro de la procesi\u00f3n de la \u00abBuena Esperanza\u00bb. \u00a0\u00a0\u00a0\u00a0\u00a0Una procesi\u00f3n que naci\u00f3 enfocada con la idea de que la gente participara depositando sus ruegos durante la misma. El primer a\u00f1o con todas las reservas propias de c\u00f3mo iban a responder o como iba a ser la [&hellip;]","og_url":"https:\/\/jesusatado.com\/?page_id=31","article_modified_time":"2022-04-20T07:05:08+00:00","og_image":[{"url":"https:\/\/jesusatado.com\/wp-content\/uploads\/2022\/04\/ruegos.jpg","type":"","width":"","height":""}],"twitter_card":"summary_large_image","twitter_misc":{"Tiempo de lectura":"2 minutos"},"schema":{"@context":"https:\/\/schema.org","@graph":[{"@type":"WebPage","@id":"https:\/\/jesusatado.com\/?page_id=31","url":"https:\/\/jesusatado.com\/?page_id=31","name":"PROCESI\u00d3N DE LA BUENA ESPERANZA -","isPartOf":{"@id":"https:\/\/jesusatado.com\/#website"},"primaryImageOfPage":{"@id":"https:\/\/jesusatado.com\/?page_id=31#primaryimage"},"image":{"@id":"https:\/\/jesusatado.com\/?page_id=31#primaryimage"},"thumbnailUrl":"https:\/\/jesusatado.com\/wp-content\/uploads\/2022\/04\/ruegos.jpg","datePublished":"2022-04-12T07:07:08+00:00","dateModified":"2022-04-20T07:05:08+00:00","breadcrumb":{"@id":"https:\/\/jesusatado.com\/?page_id=31#breadcrumb"},"inLanguage":"es","potentialAction":[{"@type":"ReadAction","target":["https:\/\/jesusatado.com\/?page_id=31"]}]},{"@type":"ImageObject","inLanguage":"es","@id":"https:\/\/jesusatado.com\/?page_id=31#primaryimage","url":"https:\/\/jesusatado.com\/wp-content\/uploads\/2022\/04\/ruegos.jpg","contentUrl":"https:\/\/jesusatado.com\/wp-content\/uploads\/2022\/04\/ruegos.jpg","width":250,"height":160},{"@type":"BreadcrumbList","@id":"https:\/\/jesusatado.com\/?page_id=31#breadcrumb","itemListElement":[{"@type":"ListItem","position":1,"name":"Portada","item":"https:\/\/jesusatado.com\/"},{"@type":"ListItem","position":2,"name":"PROCESI\u00d3N DE LA BUENA ESPERANZA"}]},{"@type":"WebSite","@id":"https:\/\/jesusatado.com\/#website","url":"https:\/\/jesusatado.com\/","name":"","description":"Jes\u00fas Atado","potentialAction":[{"@type":"SearchAction","target":{"@type":"EntryPoint","urlTemplate":"https:\/\/jesusatado.com\/?s={search_term_string}"},"query-input":{"@type":"PropertyValueSpecification","valueRequired":true,"valueName":"search_term_string"}}],"inLanguage":"es"}]}},"_links":{"self":[{"href":"https:\/\/jesusatado.com\/index.php?rest_route=\/wp\/v2\/pages\/31","targetHints":{"allow":["GET"]}}],"collection":[{"href":"https:\/\/jesusatado.com\/index.php?rest_route=\/wp\/v2\/pages"}],"about":[{"href":"https:\/\/jesusatado.com\/index.php?rest_route=\/wp\/v2\/types\/page"}],"author":[{"embeddable":true,"href":"https:\/\/jesusatado.com\/index.php?rest_route=\/wp\/v2\/users\/2"}],"replies":[{"embeddable":true,"href":"https:\/\/jesusatado.com\/index.php?rest_route=%2Fwp%2Fv2%2Fcomments&post=31"}],"version-history":[{"count":1,"href":"https:\/\/jesusatado.com\/index.php?rest_route=\/wp\/v2\/pages\/31\/revisions"}],"predecessor-version":[{"id":299,"href":"https:\/\/jesusatado.com\/index.php?rest_route=\/wp\/v2\/pages\/31\/revisions\/299"}],"wp:attachment":[{"href":"https:\/\/jesusatado.com\/index.php?rest_route=%2Fwp%2Fv2%2Fmedia&parent=31"}],"curies":[{"name":"wp","href":"https:\/\/api.w.org\/{rel}","templated":true}]}}