{"id":35,"date":"2022-04-12T07:14:00","date_gmt":"2022-04-12T07:14:00","guid":{"rendered":"http:\/\/localhost\/prueba\/?page_id=35"},"modified":"2022-04-20T06:33:27","modified_gmt":"2022-04-20T06:33:27","slug":"historia","status":"publish","type":"page","link":"https:\/\/jesusatado.com\/?page_id=35","title":{"rendered":"HISTORIA"},"content":{"rendered":"<h2>HISTORIA<\/h2>\n<div>\n<p>&nbsp;<\/p>\n<p>Su <strong>fundaci\u00f3n data del a\u00f1o 1950,<\/strong> pero sal\u00eda procesi\u00f3n en los a\u00f1os anteriores y posteriores a nuestra contienda civil. Siendo s<strong>u primer presidente D. Antonio Escudero Lega.<\/strong><\/p>\n<p>&nbsp;<\/p>\n<p>Est\u00e1 <strong>ubicada en la iglesia de Santa Catalina del Real Monasterio de Clara de Teruel<\/strong>, la totalidad de Hermanos que la forman es de 630.<\/p>\n<p>&nbsp;<\/p>\n<p><strong>Desde 1951\/1952, ha tenido Banda de Cornetas y Tambores,<\/strong> en principio con chicos del Colegio Asilo de San Nicol\u00e1s de Bari hasta el a\u00f1o 1965, en que dejo de ser Asilo. Posteriormente principalmente con la colaboraci\u00f3n de distintos miembros de la Hermandad. Es de destacar en esta faceta a D. Tom\u00e1s Maicas (+), con sus t\u00edpicos redobles hasta el a\u00f1o 1984.<\/p>\n<p>&nbsp;<\/p>\n<p><strong>Desde 1951, sale en procesi\u00f3n penitencial al Establecimiento Penitenciario<\/strong> de la capital, solicitando el indulto de un interno de este Centro. En la Semana Santa del a\u00f1o 1951, fue concedido el primerode los Indultos, seguido por los a\u00f1os 1952, 1953, 1961, 1963, 1974, 1975,1976, 1981, 1982, 1983,1984, 1989, 1992 de forma parcial,1995, 1996, 1997, 1998, 1999, 2000, 2001, 2002, 2003, 2004 y 2005 ascendiendo a 26 los internos indultados por la mediaci\u00f3n de esta Hermandad de penitencia en sus 55 a\u00f1os de existencia. En sus primeros a\u00f1os esta procesi\u00f3n se celebraba en la madrugada del Jueves Santo (4,30 horas), para posteriormente pasarla a la madrugada del Viernes Santo (6 horas de la madrugada).<\/p>\n<p>&nbsp;<\/p>\n<p>El Cuerpo de Funcionarios de Prisiones es Hermano Mayor de la Hermandad.<\/p>\n<p>&nbsp;<\/p>\n<p>Participa en los actos procesionales del Martes Santo (Procesi\u00f3n de la Buena Esperanza), Jueves y Viernes Santo, as\u00ed como el Domingo de Resurrecci\u00f3n.<\/p>\n<p>&nbsp;<\/p>\n<p><strong>Desde el a\u00f1o 1972 hasta 1999, se realizo la procesi\u00f3n del Domingo de Ramos con el paso de la\u00bbBURRICA\u00bb;<\/strong> en colaboraci\u00f3n con la Parroquia del Salvador de Teruel. Al constituirse nuevamente la Cofrad\u00eda de la Entrada de Jes\u00fas en Jerusal\u00e9n (a\u00f1o 2000). La Hermandad dejo departicipar en la procesi\u00f3n del Domingo de Ramos, desde el a\u00f1o 2002.<\/p>\n<p>&nbsp;<\/p>\n<p>Su imagen titular de<strong> Jes\u00fas Atado a la Columna,<\/strong> es del a\u00f1o 1951, y su peana fue bendecida en la Semana Santa de 1955, obra de los imagineros valencianos Roman y Salvador. <strong>Es llevado en hombros por 55 costaleros desde 1987. Su peso es de 1.779 kg.<\/strong> Restaurada en el a\u00f1o 2000, por el artesano de Alcorisa Jos\u00e9 Felez.<\/p>\n<p>&nbsp;<\/p>\n<p>La <strong>Virgen de la Esperanza, data del a\u00f1o 1961.<\/strong> Obra del imaginero Carlos Roman. Estrenando su manto en 1962. En 1989 fue bendecido con toda solemnidad su palio, vestido y estandarte, obra de Maribel Garc\u00eda. Asimismo en 1993 su nueva peana obra del escultor alcorisano Jos\u00e9 Felez. Desde 1974 e<strong>s portada nuevamente en hombros en la actualidad por 60 costaleros. Su peso aproximado es de 1600 kg.<\/strong><\/p>\n<p>&nbsp;<\/p>\n<p><strong>En el a\u00f1o de 1998, se cumpli\u00f3 el XXV aniversario <\/strong>que se lleva en hombros ininterrumpidamente a esta imagen de la Virgen. Con homenaje a cuatro costaleros, por su dedicaci\u00f3n ininterrumpida en este aniversario.<\/p>\n<p>&nbsp;<\/p>\n<p><strong>\u00a0\u00a0\u00a0\u00a0\u00a0 Su h\u00e1bito es blanco con una cruz roja en la parte delantera, capa blanca, con c\u00edngulo y gorro trucado con velo.<\/strong> Con la \u00fanica excepci\u00f3n de los costaleros de ambos \u201cPasos\u201d y la Banda de Cornetas, Tambores y Bombos, llevan un modelo similar, m\u00e1s funcional, adaptado a su participaci\u00f3n.<\/p>\n<p>&nbsp;<\/p>\n<p><strong>Forman su Banda de Cornetas, Tambores y Bombos 60 componentes.<\/strong><\/p>\n<p>&nbsp;<\/p>\n<p><strong>En el a\u00f1o 2000, la Hermandad celebro el 50 Aniversario <\/strong>de su fundaci\u00f3n, con diferentes actos y exposiciones.<\/p>\n<p>&nbsp;<\/p>\n<p><strong>En el a\u00f1o 2001, se celebro el 50 Aniversario de la visita en Procesi\u00f3n Penitencial a la Prisi\u00f3n Provincial (1951\/2001), <\/strong>por ello se organizaron distintos actos en este Centro y en la Semana Santa.<\/p>\n<p>&nbsp;<\/p>\n<p><strong>El febrero del 2001, el C.I.T. de Teruel, concedio la Placa de Plata a la Hermandad por su 50 Aniversario (1950\/2000) <\/strong>y su contribuci\u00f3n con los actos de nuestra Semana Santa.<\/p>\n<p>&nbsp;<\/p>\n<p>Desde la Semana Santa de 2004, realiza la procesi\u00f3n de la Buena Esperanza, el martes santo a partir de las 23 horas.<\/p>\n<p>&nbsp;<\/p>\n<p>En el a\u00f1o 2011, se cumplen 50 a\u00f1os de la salida en procesi\u00f3n de la Virgen de la Esperanza (1961-2011).<\/p>\n<p>&nbsp;<\/p>\n<p>Presentamos el cartel anunciador de la Semana Santa de Teruel, obra de Alfonso Mu\u00f1oz. (A\u00f1o 2011)<\/p>\n<p>&nbsp;<\/p>\n<p>Tras 61 a\u00f1os de existencia en el caso de Jes\u00fas Atado, los sayones y el centuri\u00f3n romano y 51 a\u00f1os de la Virgen de la Esperanza, todos est\u00e1n en periodo de restauraci\u00f3n a cargo del artesano de Alcorisa Jos\u00e9 Felez. (2011\/2012).<\/p>\n<p>&nbsp;<\/p>\n<p>En el a\u00f1o 2012, se cumplen igualmente 25 a\u00f1os de la salida en hombros del paso de Jes\u00fas Atado a la Columna (1987-2012).<\/p>\n<p>&nbsp;<\/p>\n<p>La Semana Santa de Teruel, esta declarada <a  data-e-Disable-Page-Transition=\"true\" class=\"download-link\" title=\"\" href=\"https:\/\/jesusatado.com?download=259&amp;tmstv=1778834764\" rel=\"nofollow\" id=\"download-link-259\" data-redirect=\"false\" >\n\tFIESTA DE INTERES TUR\u00cdSTICO REGIONAL Y NACIONAL<\/a>\n<\/p>\n<\/div>\n","protected":false},"excerpt":{"rendered":"<p>HISTORIA &nbsp; Su fundaci\u00f3n data del a\u00f1o 1950, pero sal\u00eda procesi\u00f3n en los a\u00f1os anteriores y posteriores a nuestra contienda civil. Siendo su primer presidente D. Antonio Escudero Lega. &nbsp; Est\u00e1 ubicada en la iglesia de Santa Catalina del Real Monasterio de Clara de Teruel, la totalidad de Hermanos que la forman es de 630. [&hellip;]<\/p>\n","protected":false},"author":2,"featured_media":0,"parent":0,"menu_order":0,"comment_status":"closed","ping_status":"closed","template":"","meta":{"footnotes":""},"class_list":["post-35","page","type-page","status-publish","hentry"],"yoast_head":"<!-- This site is optimized with the Yoast SEO plugin v27.2 - https:\/\/yoast.com\/product\/yoast-seo-wordpress\/ -->\n<title>HISTORIA -<\/title>\n<meta name=\"robots\" content=\"index, follow, max-snippet:-1, max-image-preview:large, max-video-preview:-1\" \/>\n<link rel=\"canonical\" href=\"https:\/\/jesusatado.com\/?page_id=35\" \/>\n<meta property=\"og:locale\" content=\"es_ES\" \/>\n<meta property=\"og:type\" content=\"article\" \/>\n<meta property=\"og:title\" content=\"HISTORIA -\" \/>\n<meta property=\"og:description\" content=\"HISTORIA &nbsp; Su fundaci\u00f3n data del a\u00f1o 1950, pero sal\u00eda procesi\u00f3n en los a\u00f1os anteriores y posteriores a nuestra contienda civil. Siendo su primer presidente D. Antonio Escudero Lega. &nbsp; Est\u00e1 ubicada en la iglesia de Santa Catalina del Real Monasterio de Clara de Teruel, la totalidad de Hermanos que la forman es de 630. [&hellip;]\" \/>\n<meta property=\"og:url\" content=\"https:\/\/jesusatado.com\/?page_id=35\" \/>\n<meta property=\"article:modified_time\" content=\"2022-04-20T06:33:27+00:00\" \/>\n<meta name=\"twitter:card\" content=\"summary_large_image\" \/>\n<meta name=\"twitter:label1\" content=\"Tiempo de lectura\" \/>\n\t<meta name=\"twitter:data1\" content=\"4 minutos\" \/>\n<script type=\"application\/ld+json\" class=\"yoast-schema-graph\">{\"@context\":\"https:\/\/schema.org\",\"@graph\":[{\"@type\":\"WebPage\",\"@id\":\"https:\/\/jesusatado.com\/?page_id=35\",\"url\":\"https:\/\/jesusatado.com\/?page_id=35\",\"name\":\"HISTORIA -\",\"isPartOf\":{\"@id\":\"https:\/\/jesusatado.com\/#website\"},\"datePublished\":\"2022-04-12T07:14:00+00:00\",\"dateModified\":\"2022-04-20T06:33:27+00:00\",\"breadcrumb\":{\"@id\":\"https:\/\/jesusatado.com\/?page_id=35#breadcrumb\"},\"inLanguage\":\"es\",\"potentialAction\":[{\"@type\":\"ReadAction\",\"target\":[\"https:\/\/jesusatado.com\/?page_id=35\"]}]},{\"@type\":\"BreadcrumbList\",\"@id\":\"https:\/\/jesusatado.com\/?page_id=35#breadcrumb\",\"itemListElement\":[{\"@type\":\"ListItem\",\"position\":1,\"name\":\"Portada\",\"item\":\"https:\/\/jesusatado.com\/\"},{\"@type\":\"ListItem\",\"position\":2,\"name\":\"HISTORIA\"}]},{\"@type\":\"WebSite\",\"@id\":\"https:\/\/jesusatado.com\/#website\",\"url\":\"https:\/\/jesusatado.com\/\",\"name\":\"\",\"description\":\"Jes\u00fas Atado\",\"potentialAction\":[{\"@type\":\"SearchAction\",\"target\":{\"@type\":\"EntryPoint\",\"urlTemplate\":\"https:\/\/jesusatado.com\/?s={search_term_string}\"},\"query-input\":{\"@type\":\"PropertyValueSpecification\",\"valueRequired\":true,\"valueName\":\"search_term_string\"}}],\"inLanguage\":\"es\"}]}<\/script>\n<!-- \/ Yoast SEO plugin. -->","yoast_head_json":{"title":"HISTORIA -","robots":{"index":"index","follow":"follow","max-snippet":"max-snippet:-1","max-image-preview":"max-image-preview:large","max-video-preview":"max-video-preview:-1"},"canonical":"https:\/\/jesusatado.com\/?page_id=35","og_locale":"es_ES","og_type":"article","og_title":"HISTORIA -","og_description":"HISTORIA &nbsp; Su fundaci\u00f3n data del a\u00f1o 1950, pero sal\u00eda procesi\u00f3n en los a\u00f1os anteriores y posteriores a nuestra contienda civil. Siendo su primer presidente D. Antonio Escudero Lega. &nbsp; Est\u00e1 ubicada en la iglesia de Santa Catalina del Real Monasterio de Clara de Teruel, la totalidad de Hermanos que la forman es de 630. [&hellip;]","og_url":"https:\/\/jesusatado.com\/?page_id=35","article_modified_time":"2022-04-20T06:33:27+00:00","twitter_card":"summary_large_image","twitter_misc":{"Tiempo de lectura":"4 minutos"},"schema":{"@context":"https:\/\/schema.org","@graph":[{"@type":"WebPage","@id":"https:\/\/jesusatado.com\/?page_id=35","url":"https:\/\/jesusatado.com\/?page_id=35","name":"HISTORIA -","isPartOf":{"@id":"https:\/\/jesusatado.com\/#website"},"datePublished":"2022-04-12T07:14:00+00:00","dateModified":"2022-04-20T06:33:27+00:00","breadcrumb":{"@id":"https:\/\/jesusatado.com\/?page_id=35#breadcrumb"},"inLanguage":"es","potentialAction":[{"@type":"ReadAction","target":["https:\/\/jesusatado.com\/?page_id=35"]}]},{"@type":"BreadcrumbList","@id":"https:\/\/jesusatado.com\/?page_id=35#breadcrumb","itemListElement":[{"@type":"ListItem","position":1,"name":"Portada","item":"https:\/\/jesusatado.com\/"},{"@type":"ListItem","position":2,"name":"HISTORIA"}]},{"@type":"WebSite","@id":"https:\/\/jesusatado.com\/#website","url":"https:\/\/jesusatado.com\/","name":"","description":"Jes\u00fas Atado","potentialAction":[{"@type":"SearchAction","target":{"@type":"EntryPoint","urlTemplate":"https:\/\/jesusatado.com\/?s={search_term_string}"},"query-input":{"@type":"PropertyValueSpecification","valueRequired":true,"valueName":"search_term_string"}}],"inLanguage":"es"}]}},"_links":{"self":[{"href":"https:\/\/jesusatado.com\/index.php?rest_route=\/wp\/v2\/pages\/35","targetHints":{"allow":["GET"]}}],"collection":[{"href":"https:\/\/jesusatado.com\/index.php?rest_route=\/wp\/v2\/pages"}],"about":[{"href":"https:\/\/jesusatado.com\/index.php?rest_route=\/wp\/v2\/types\/page"}],"author":[{"embeddable":true,"href":"https:\/\/jesusatado.com\/index.php?rest_route=\/wp\/v2\/users\/2"}],"replies":[{"embeddable":true,"href":"https:\/\/jesusatado.com\/index.php?rest_route=%2Fwp%2Fv2%2Fcomments&post=35"}],"version-history":[{"count":1,"href":"https:\/\/jesusatado.com\/index.php?rest_route=\/wp\/v2\/pages\/35\/revisions"}],"predecessor-version":[{"id":271,"href":"https:\/\/jesusatado.com\/index.php?rest_route=\/wp\/v2\/pages\/35\/revisions\/271"}],"wp:attachment":[{"href":"https:\/\/jesusatado.com\/index.php?rest_route=%2Fwp%2Fv2%2Fmedia&parent=35"}],"curies":[{"name":"wp","href":"https:\/\/api.w.org\/{rel}","templated":true}]}}