{"id":41,"date":"2022-04-12T07:18:38","date_gmt":"2022-04-12T07:18:38","guid":{"rendered":"http:\/\/localhost\/prueba\/?page_id=41"},"modified":"2022-04-18T12:57:50","modified_gmt":"2022-04-18T12:57:50","slug":"50-aniversario","status":"publish","type":"page","link":"https:\/\/jesusatado.com\/?page_id=41","title":{"rendered":"50 ANIVERSARIO"},"content":{"rendered":"<h2>Medio Siglo de Historia<\/h2>\n<h2>EXPOSICI\u00d3N Y ACTOS CONMEMORATIVOS<\/h2>\n<p>En el mes de noviembre de 2000, <strong>La Hermandad de Jes\u00fas Atado a la Columna y de Ntra. Sra. de la Esperanza,<\/strong> conmemor\u00f3 sus 50 primeros a\u00f1os de existencia. Por este motivo entre los d\u00edas 6 al 12 de noviembre de 2000, se celebraron diversos actos, tanto culturales como religiosos. De todos estos actos pudimos observar una interesante exposici\u00f3n montada en la Iglesia del Seminario Mayor, y que estuvo abierta ma\u00f1ana y tarde. Junto a la Cruz Gui\u00f3n procesional, presid\u00edan los dos pasos que posee la Hermandad: J<strong>es\u00fas Atado a la Columna y la Virgen de la Esperanza<\/strong>, im\u00e1genes talladas en Valencia en los a\u00f1os 1952 y 1961, obra de los imagineros Carlos Roman y Vicente Salvador.<\/p>\n<p><img fetchpriority=\"high\" decoding=\"async\" class=\"alignnone size-full wp-image-175\" src=\"https:\/\/jesusatado.com\/wp-content\/uploads\/2022\/04\/50aniversario.jpg\" alt=\"\" width=\"400\" height=\"234\" srcset=\"https:\/\/jesusatado.com\/wp-content\/uploads\/2022\/04\/50aniversario.jpg 400w, https:\/\/jesusatado.com\/wp-content\/uploads\/2022\/04\/50aniversario-300x176.jpg 300w\" sizes=\"(max-width: 400px) 100vw, 400px\" \/><\/p>\n<p><!--\n\n<img decoding=\"async\" alt=\"Exposici\u00f3n del 50 Aniversario de la Hermandad\" src=\"\/sites\/default\/files\/paginas\/50aniversario.jpg\" style=\"width: 400px; height: 234px; margin: 10px;\">\n\n--><\/p>\n<p>Complementada toda ella con alrededor de 120 fotograf\u00edas que nos recordaron la trayectoria hist\u00f3rica, desde su fundaci\u00f3n hasta nuestros d\u00edas. Tambi\u00e9n pudimos contemplar diversos enseres utilizados a lo largo de estos a\u00f1os, as\u00ed como mantos, el primero de los h\u00e1bitos confeccionados, reproducciones en el tama\u00f1o de 45 cm. de la Virgen de la Esperanza y de Jes\u00fas Atado, este \u00faltimo realizado en el a\u00f1o 1940, y que sal\u00eda en procesi\u00f3n antes de constituirse la Hermandad.<\/p>\n<p>Tambores y cornetas utilizados por la Banda del Colegio-Asilo de San Nicol\u00e1s de Bari, entre los a\u00f1os 1951\/1964, en que desapareci\u00f3 por ordenes superiores, al dejar de ser Asilo; as\u00ed como de la actual Banda de cornetas, tambores y bombos, con su Estandarte y distintos obsequios por su participaci\u00f3n en encuentros por nuestra geograf\u00eda nacional. Como organizadores cre\u00edmos oportuno dar a conocer todo el trabajo de tipo religioso llevado a cabo por nuestra Camarera de Honor, Maribel Garc\u00eda. Recopilamos distintos mantos de la Virgen de las Cuevas y t\u00fanica del Santo Paso de Caminreal, Virgen del Pilar en Villalba Baja, La Puebla de Valverde, Cuartel de la Guardia Civil y San Blas en Teruel.<\/p>\n<p>Estandartes de la Hermandad de la Sangre y de la Hermandad del Descendimiento y Virgen de las Angustias de Teruel, de la Cofrad\u00eda de la Salle de Palma de Mallorca y los propios de nuestra Hermandad. A todo ello hay que a\u00f1adir algunas peticiones de indulto (20 son los indultados en estos 50 a\u00f1os); listados de cofrades de aquellos a\u00f1os, facturas y otros documentos interesantes y de mucho valor hist\u00f3rico. Los objetos expuestos ascendieron a 168. Aparte de las fotograf\u00edas que se mencionan en este art\u00edculo. Visitaron la exposici\u00f3n 1.298 personas a lo largo de 7 d\u00edas de apertura.<\/p>\n","protected":false},"excerpt":{"rendered":"<p>Medio Siglo de Historia EXPOSICI\u00d3N Y ACTOS CONMEMORATIVOS En el mes de noviembre de 2000, La Hermandad de Jes\u00fas Atado a la Columna y de Ntra. Sra. de la Esperanza, conmemor\u00f3 sus 50 primeros a\u00f1os de existencia. Por este motivo entre los d\u00edas 6 al 12 de noviembre de 2000, se celebraron diversos actos, tanto [&hellip;]<\/p>\n","protected":false},"author":2,"featured_media":0,"parent":0,"menu_order":0,"comment_status":"closed","ping_status":"closed","template":"","meta":{"footnotes":""},"class_list":["post-41","page","type-page","status-publish","hentry"],"yoast_head":"<!-- This site is optimized with the Yoast SEO plugin v27.2 - https:\/\/yoast.com\/product\/yoast-seo-wordpress\/ -->\n<title>50 ANIVERSARIO -<\/title>\n<meta name=\"robots\" content=\"index, follow, max-snippet:-1, max-image-preview:large, max-video-preview:-1\" \/>\n<link rel=\"canonical\" href=\"https:\/\/jesusatado.com\/?page_id=41\" \/>\n<meta property=\"og:locale\" content=\"es_ES\" \/>\n<meta property=\"og:type\" content=\"article\" \/>\n<meta property=\"og:title\" content=\"50 ANIVERSARIO -\" \/>\n<meta property=\"og:description\" content=\"Medio Siglo de Historia EXPOSICI\u00d3N Y ACTOS CONMEMORATIVOS En el mes de noviembre de 2000, La Hermandad de Jes\u00fas Atado a la Columna y de Ntra. Sra. de la Esperanza, conmemor\u00f3 sus 50 primeros a\u00f1os de existencia. Por este motivo entre los d\u00edas 6 al 12 de noviembre de 2000, se celebraron diversos actos, tanto [&hellip;]\" \/>\n<meta property=\"og:url\" content=\"https:\/\/jesusatado.com\/?page_id=41\" \/>\n<meta property=\"article:modified_time\" content=\"2022-04-18T12:57:50+00:00\" \/>\n<meta property=\"og:image\" content=\"https:\/\/jesusatado.com\/wp-content\/uploads\/2022\/04\/50aniversario.jpg\" \/>\n<meta name=\"twitter:card\" content=\"summary_large_image\" \/>\n<meta name=\"twitter:label1\" content=\"Tiempo de lectura\" \/>\n\t<meta name=\"twitter:data1\" content=\"3 minutos\" \/>\n<script type=\"application\/ld+json\" class=\"yoast-schema-graph\">{\"@context\":\"https:\/\/schema.org\",\"@graph\":[{\"@type\":\"WebPage\",\"@id\":\"https:\/\/jesusatado.com\/?page_id=41\",\"url\":\"https:\/\/jesusatado.com\/?page_id=41\",\"name\":\"50 ANIVERSARIO -\",\"isPartOf\":{\"@id\":\"https:\/\/jesusatado.com\/#website\"},\"primaryImageOfPage\":{\"@id\":\"https:\/\/jesusatado.com\/?page_id=41#primaryimage\"},\"image\":{\"@id\":\"https:\/\/jesusatado.com\/?page_id=41#primaryimage\"},\"thumbnailUrl\":\"https:\/\/jesusatado.com\/wp-content\/uploads\/2022\/04\/50aniversario.jpg\",\"datePublished\":\"2022-04-12T07:18:38+00:00\",\"dateModified\":\"2022-04-18T12:57:50+00:00\",\"breadcrumb\":{\"@id\":\"https:\/\/jesusatado.com\/?page_id=41#breadcrumb\"},\"inLanguage\":\"es\",\"potentialAction\":[{\"@type\":\"ReadAction\",\"target\":[\"https:\/\/jesusatado.com\/?page_id=41\"]}]},{\"@type\":\"ImageObject\",\"inLanguage\":\"es\",\"@id\":\"https:\/\/jesusatado.com\/?page_id=41#primaryimage\",\"url\":\"https:\/\/jesusatado.com\/wp-content\/uploads\/2022\/04\/50aniversario.jpg\",\"contentUrl\":\"https:\/\/jesusatado.com\/wp-content\/uploads\/2022\/04\/50aniversario.jpg\",\"width\":400,\"height\":234},{\"@type\":\"BreadcrumbList\",\"@id\":\"https:\/\/jesusatado.com\/?page_id=41#breadcrumb\",\"itemListElement\":[{\"@type\":\"ListItem\",\"position\":1,\"name\":\"Portada\",\"item\":\"https:\/\/jesusatado.com\/\"},{\"@type\":\"ListItem\",\"position\":2,\"name\":\"50 ANIVERSARIO\"}]},{\"@type\":\"WebSite\",\"@id\":\"https:\/\/jesusatado.com\/#website\",\"url\":\"https:\/\/jesusatado.com\/\",\"name\":\"\",\"description\":\"Jes\u00fas Atado\",\"potentialAction\":[{\"@type\":\"SearchAction\",\"target\":{\"@type\":\"EntryPoint\",\"urlTemplate\":\"https:\/\/jesusatado.com\/?s={search_term_string}\"},\"query-input\":{\"@type\":\"PropertyValueSpecification\",\"valueRequired\":true,\"valueName\":\"search_term_string\"}}],\"inLanguage\":\"es\"}]}<\/script>\n<!-- \/ Yoast SEO plugin. -->","yoast_head_json":{"title":"50 ANIVERSARIO -","robots":{"index":"index","follow":"follow","max-snippet":"max-snippet:-1","max-image-preview":"max-image-preview:large","max-video-preview":"max-video-preview:-1"},"canonical":"https:\/\/jesusatado.com\/?page_id=41","og_locale":"es_ES","og_type":"article","og_title":"50 ANIVERSARIO -","og_description":"Medio Siglo de Historia EXPOSICI\u00d3N Y ACTOS CONMEMORATIVOS En el mes de noviembre de 2000, La Hermandad de Jes\u00fas Atado a la Columna y de Ntra. Sra. de la Esperanza, conmemor\u00f3 sus 50 primeros a\u00f1os de existencia. Por este motivo entre los d\u00edas 6 al 12 de noviembre de 2000, se celebraron diversos actos, tanto [&hellip;]","og_url":"https:\/\/jesusatado.com\/?page_id=41","article_modified_time":"2022-04-18T12:57:50+00:00","og_image":[{"url":"https:\/\/jesusatado.com\/wp-content\/uploads\/2022\/04\/50aniversario.jpg","type":"","width":"","height":""}],"twitter_card":"summary_large_image","twitter_misc":{"Tiempo de lectura":"3 minutos"},"schema":{"@context":"https:\/\/schema.org","@graph":[{"@type":"WebPage","@id":"https:\/\/jesusatado.com\/?page_id=41","url":"https:\/\/jesusatado.com\/?page_id=41","name":"50 ANIVERSARIO -","isPartOf":{"@id":"https:\/\/jesusatado.com\/#website"},"primaryImageOfPage":{"@id":"https:\/\/jesusatado.com\/?page_id=41#primaryimage"},"image":{"@id":"https:\/\/jesusatado.com\/?page_id=41#primaryimage"},"thumbnailUrl":"https:\/\/jesusatado.com\/wp-content\/uploads\/2022\/04\/50aniversario.jpg","datePublished":"2022-04-12T07:18:38+00:00","dateModified":"2022-04-18T12:57:50+00:00","breadcrumb":{"@id":"https:\/\/jesusatado.com\/?page_id=41#breadcrumb"},"inLanguage":"es","potentialAction":[{"@type":"ReadAction","target":["https:\/\/jesusatado.com\/?page_id=41"]}]},{"@type":"ImageObject","inLanguage":"es","@id":"https:\/\/jesusatado.com\/?page_id=41#primaryimage","url":"https:\/\/jesusatado.com\/wp-content\/uploads\/2022\/04\/50aniversario.jpg","contentUrl":"https:\/\/jesusatado.com\/wp-content\/uploads\/2022\/04\/50aniversario.jpg","width":400,"height":234},{"@type":"BreadcrumbList","@id":"https:\/\/jesusatado.com\/?page_id=41#breadcrumb","itemListElement":[{"@type":"ListItem","position":1,"name":"Portada","item":"https:\/\/jesusatado.com\/"},{"@type":"ListItem","position":2,"name":"50 ANIVERSARIO"}]},{"@type":"WebSite","@id":"https:\/\/jesusatado.com\/#website","url":"https:\/\/jesusatado.com\/","name":"","description":"Jes\u00fas Atado","potentialAction":[{"@type":"SearchAction","target":{"@type":"EntryPoint","urlTemplate":"https:\/\/jesusatado.com\/?s={search_term_string}"},"query-input":{"@type":"PropertyValueSpecification","valueRequired":true,"valueName":"search_term_string"}}],"inLanguage":"es"}]}},"_links":{"self":[{"href":"https:\/\/jesusatado.com\/index.php?rest_route=\/wp\/v2\/pages\/41","targetHints":{"allow":["GET"]}}],"collection":[{"href":"https:\/\/jesusatado.com\/index.php?rest_route=\/wp\/v2\/pages"}],"about":[{"href":"https:\/\/jesusatado.com\/index.php?rest_route=\/wp\/v2\/types\/page"}],"author":[{"embeddable":true,"href":"https:\/\/jesusatado.com\/index.php?rest_route=\/wp\/v2\/users\/2"}],"replies":[{"embeddable":true,"href":"https:\/\/jesusatado.com\/index.php?rest_route=%2Fwp%2Fv2%2Fcomments&post=41"}],"version-history":[{"count":11,"href":"https:\/\/jesusatado.com\/index.php?rest_route=\/wp\/v2\/pages\/41\/revisions"}],"predecessor-version":[{"id":253,"href":"https:\/\/jesusatado.com\/index.php?rest_route=\/wp\/v2\/pages\/41\/revisions\/253"}],"wp:attachment":[{"href":"https:\/\/jesusatado.com\/index.php?rest_route=%2Fwp%2Fv2%2Fmedia&parent=41"}],"curies":[{"name":"wp","href":"https:\/\/api.w.org\/{rel}","templated":true}]}}