{"id":44,"date":"2022-04-12T07:22:23","date_gmt":"2022-04-12T07:22:23","guid":{"rendered":"http:\/\/localhost\/prueba\/?page_id=44"},"modified":"2022-04-20T06:31:25","modified_gmt":"2022-04-20T06:31:25","slug":"actos-culturales","status":"publish","type":"page","link":"https:\/\/jesusatado.com\/?page_id=44","title":{"rendered":"ACTOS CULTURALES"},"content":{"rendered":"<h2 style=\"text-align: center;\">ACTOS CULTURALES<\/h2>\n<p>Comenzaron estos actos de acuerdo con el programa previsto, el lunes d\u00eda 6, se inauguro la Exposici\u00f3n a cuyo acto asisti\u00f3 nuestro <strong>Obispo Diocesano D. Antonio Algora<\/strong> y otras autoridades religiosas y representantes de las distintas Hermandades y Cofrad\u00edas de nuestra ciudad. <strong>Nuestra Banda de cornetas, tambores y bombos<\/strong>, nos ofreci\u00f3 distintas marchas tanto de cornetas como de tambores, record\u00e1ndonos nuestra querida <strong>Semana Santa turolense<\/strong>.<\/p>\n<p>El d\u00eda 7, <strong>D.Antonio Algora, Obispo de Teruel y Hermano de Honor de la Hermandad<\/strong>, nos hablo de \u201c<strong>La vida cristiana en la Hermandad de Jes\u00fas Atado a la Columna<\/strong>\u201d.<\/p>\n<p>El mi\u00e9rcoles d\u00eda 8, la <strong>Casa del Tambor de Teruel<\/strong>, nos ofreci\u00f3 un bonito <strong>repertorio de toques tradicionales del tambor y el bombo<\/strong>, tan arraigado en nuestra tierra turolense.<\/p>\n<p><img fetchpriority=\"high\" decoding=\"async\" class=\"alignnone size-full wp-image-187\" src=\"https:\/\/jesusatado.com\/wp-content\/uploads\/2022\/04\/Lacasa.jpg\" alt=\"\" width=\"400\" height=\"256\" srcset=\"https:\/\/jesusatado.com\/wp-content\/uploads\/2022\/04\/Lacasa.jpg 400w, https:\/\/jesusatado.com\/wp-content\/uploads\/2022\/04\/Lacasa-300x192.jpg 300w\" sizes=\"(max-width: 400px) 100vw, 400px\" \/><\/p>\n<p><!--\n\n\n\n<style>\/*! elementor - v3.6.2 - 04-04-2022 *\/<br \/>.elementor-widget-image{text-align:center}.elementor-widget-image a{display:inline-block}.elementor-widget-image a img[src$=\".svg\"]{width:48px}.elementor-widget-image img{vertical-align:middle;display:inline-block}<\/style>\n\n--><\/p>\n<p>D. <b>Jer\u00f3nimo Beltr\u00e1n (Magistral de la Catedral)<\/b>, el jueves d\u00eda 9, nos deleito con su charla y diapositivas sobre la Flagelaci\u00f3n del Se\u00f1or.<\/p>\n<p>El viernes d\u00eda 10, hubo una Mesa Redonda sobre \u201c<strong>La evoluci\u00f3n de la Hermandad, durante estos 50 a\u00f1os<\/strong>\u201d intervinieron D. Pedro Fleta, D. \u00c1ngel Gonz\u00e1lez y D. L\u00e1zaro Vicente (como fundadores), Jos\u00e9 Manuel Qui\u00f1ones, Jes\u00fas Villarroya y Maribel Garc\u00eda, como miembros actualmente activos en distintas actividades (Banda, costaleros y ornamentaci\u00f3n de los pasos), actu\u00f3 como moderador <strong>Paco G\u00f3mez<\/strong>, tesorero y coordinador de la Hermandad.<\/p>\n<p>Esta Mesa Redonda, result\u00f3 muy curiosa y entretenida, nos enteramos del buen hacer de los primeros a\u00f1os y los posteriores, as\u00ed como el trabajo actual en nuestro tiempo.<\/p>\n<p>&nbsp;<\/p>\n<p><!--\n<a href=\"https:\/\/www.addtoany.com\/share#url=http%3A%2F%2Fwww.jesusatado.com%2Fcontent%2Factos-culturales&amp;title=ACTOS%20CULTURALES\" id=\"da2a_1\"><img decoding=\"async\" src=\"\/sites\/all\/modules\/addtoany\/images\/share_16_16.png\" width=\"16\" height=\"16\" alt=\"Compartelo\"><\/a>\n--><\/p>\n<ul>\n<li><a href=\"https:\/\/jesusatado.com\/?page_id=46\">Misa Baturra Conmemorativa 50 Aniversario<\/a><\/li>\n<\/ul>\n","protected":false},"excerpt":{"rendered":"<p>ACTOS CULTURALES Comenzaron estos actos de acuerdo con el programa previsto, el lunes d\u00eda 6, se inauguro la Exposici\u00f3n a cuyo acto asisti\u00f3 nuestro Obispo Diocesano D. Antonio Algora y otras autoridades religiosas y representantes de las distintas Hermandades y Cofrad\u00edas de nuestra ciudad. Nuestra Banda de cornetas, tambores y bombos, nos ofreci\u00f3 distintas marchas [&hellip;]<\/p>\n","protected":false},"author":2,"featured_media":0,"parent":0,"menu_order":0,"comment_status":"closed","ping_status":"closed","template":"","meta":{"footnotes":""},"class_list":["post-44","page","type-page","status-publish","hentry"],"yoast_head":"<!-- This site is optimized with the Yoast SEO plugin v27.2 - https:\/\/yoast.com\/product\/yoast-seo-wordpress\/ -->\n<title>ACTOS CULTURALES -<\/title>\n<meta name=\"robots\" content=\"index, follow, max-snippet:-1, max-image-preview:large, max-video-preview:-1\" \/>\n<link rel=\"canonical\" href=\"https:\/\/jesusatado.com\/?page_id=44\" \/>\n<meta property=\"og:locale\" content=\"es_ES\" \/>\n<meta property=\"og:type\" content=\"article\" \/>\n<meta property=\"og:title\" content=\"ACTOS CULTURALES -\" \/>\n<meta property=\"og:description\" content=\"ACTOS CULTURALES Comenzaron estos actos de acuerdo con el programa previsto, el lunes d\u00eda 6, se inauguro la Exposici\u00f3n a cuyo acto asisti\u00f3 nuestro Obispo Diocesano D. Antonio Algora y otras autoridades religiosas y representantes de las distintas Hermandades y Cofrad\u00edas de nuestra ciudad. Nuestra Banda de cornetas, tambores y bombos, nos ofreci\u00f3 distintas marchas [&hellip;]\" \/>\n<meta property=\"og:url\" content=\"https:\/\/jesusatado.com\/?page_id=44\" \/>\n<meta property=\"article:modified_time\" content=\"2022-04-20T06:31:25+00:00\" \/>\n<meta property=\"og:image\" content=\"https:\/\/jesusatado.com\/wp-content\/uploads\/2022\/04\/Lacasa.jpg\" \/>\n<meta name=\"twitter:card\" content=\"summary_large_image\" \/>\n<meta name=\"twitter:label1\" content=\"Tiempo de lectura\" \/>\n\t<meta name=\"twitter:data1\" content=\"1 minuto\" \/>\n<script type=\"application\/ld+json\" class=\"yoast-schema-graph\">{\"@context\":\"https:\/\/schema.org\",\"@graph\":[{\"@type\":\"WebPage\",\"@id\":\"https:\/\/jesusatado.com\/?page_id=44\",\"url\":\"https:\/\/jesusatado.com\/?page_id=44\",\"name\":\"ACTOS CULTURALES -\",\"isPartOf\":{\"@id\":\"https:\/\/jesusatado.com\/#website\"},\"primaryImageOfPage\":{\"@id\":\"https:\/\/jesusatado.com\/?page_id=44#primaryimage\"},\"image\":{\"@id\":\"https:\/\/jesusatado.com\/?page_id=44#primaryimage\"},\"thumbnailUrl\":\"https:\/\/jesusatado.com\/wp-content\/uploads\/2022\/04\/Lacasa.jpg\",\"datePublished\":\"2022-04-12T07:22:23+00:00\",\"dateModified\":\"2022-04-20T06:31:25+00:00\",\"breadcrumb\":{\"@id\":\"https:\/\/jesusatado.com\/?page_id=44#breadcrumb\"},\"inLanguage\":\"es\",\"potentialAction\":[{\"@type\":\"ReadAction\",\"target\":[\"https:\/\/jesusatado.com\/?page_id=44\"]}]},{\"@type\":\"ImageObject\",\"inLanguage\":\"es\",\"@id\":\"https:\/\/jesusatado.com\/?page_id=44#primaryimage\",\"url\":\"https:\/\/jesusatado.com\/wp-content\/uploads\/2022\/04\/Lacasa.jpg\",\"contentUrl\":\"https:\/\/jesusatado.com\/wp-content\/uploads\/2022\/04\/Lacasa.jpg\",\"width\":400,\"height\":256},{\"@type\":\"BreadcrumbList\",\"@id\":\"https:\/\/jesusatado.com\/?page_id=44#breadcrumb\",\"itemListElement\":[{\"@type\":\"ListItem\",\"position\":1,\"name\":\"Portada\",\"item\":\"https:\/\/jesusatado.com\/\"},{\"@type\":\"ListItem\",\"position\":2,\"name\":\"ACTOS CULTURALES\"}]},{\"@type\":\"WebSite\",\"@id\":\"https:\/\/jesusatado.com\/#website\",\"url\":\"https:\/\/jesusatado.com\/\",\"name\":\"\",\"description\":\"Jes\u00fas Atado\",\"potentialAction\":[{\"@type\":\"SearchAction\",\"target\":{\"@type\":\"EntryPoint\",\"urlTemplate\":\"https:\/\/jesusatado.com\/?s={search_term_string}\"},\"query-input\":{\"@type\":\"PropertyValueSpecification\",\"valueRequired\":true,\"valueName\":\"search_term_string\"}}],\"inLanguage\":\"es\"}]}<\/script>\n<!-- \/ Yoast SEO plugin. -->","yoast_head_json":{"title":"ACTOS CULTURALES -","robots":{"index":"index","follow":"follow","max-snippet":"max-snippet:-1","max-image-preview":"max-image-preview:large","max-video-preview":"max-video-preview:-1"},"canonical":"https:\/\/jesusatado.com\/?page_id=44","og_locale":"es_ES","og_type":"article","og_title":"ACTOS CULTURALES -","og_description":"ACTOS CULTURALES Comenzaron estos actos de acuerdo con el programa previsto, el lunes d\u00eda 6, se inauguro la Exposici\u00f3n a cuyo acto asisti\u00f3 nuestro Obispo Diocesano D. Antonio Algora y otras autoridades religiosas y representantes de las distintas Hermandades y Cofrad\u00edas de nuestra ciudad. Nuestra Banda de cornetas, tambores y bombos, nos ofreci\u00f3 distintas marchas [&hellip;]","og_url":"https:\/\/jesusatado.com\/?page_id=44","article_modified_time":"2022-04-20T06:31:25+00:00","og_image":[{"url":"https:\/\/jesusatado.com\/wp-content\/uploads\/2022\/04\/Lacasa.jpg","type":"","width":"","height":""}],"twitter_card":"summary_large_image","twitter_misc":{"Tiempo de lectura":"1 minuto"},"schema":{"@context":"https:\/\/schema.org","@graph":[{"@type":"WebPage","@id":"https:\/\/jesusatado.com\/?page_id=44","url":"https:\/\/jesusatado.com\/?page_id=44","name":"ACTOS CULTURALES -","isPartOf":{"@id":"https:\/\/jesusatado.com\/#website"},"primaryImageOfPage":{"@id":"https:\/\/jesusatado.com\/?page_id=44#primaryimage"},"image":{"@id":"https:\/\/jesusatado.com\/?page_id=44#primaryimage"},"thumbnailUrl":"https:\/\/jesusatado.com\/wp-content\/uploads\/2022\/04\/Lacasa.jpg","datePublished":"2022-04-12T07:22:23+00:00","dateModified":"2022-04-20T06:31:25+00:00","breadcrumb":{"@id":"https:\/\/jesusatado.com\/?page_id=44#breadcrumb"},"inLanguage":"es","potentialAction":[{"@type":"ReadAction","target":["https:\/\/jesusatado.com\/?page_id=44"]}]},{"@type":"ImageObject","inLanguage":"es","@id":"https:\/\/jesusatado.com\/?page_id=44#primaryimage","url":"https:\/\/jesusatado.com\/wp-content\/uploads\/2022\/04\/Lacasa.jpg","contentUrl":"https:\/\/jesusatado.com\/wp-content\/uploads\/2022\/04\/Lacasa.jpg","width":400,"height":256},{"@type":"BreadcrumbList","@id":"https:\/\/jesusatado.com\/?page_id=44#breadcrumb","itemListElement":[{"@type":"ListItem","position":1,"name":"Portada","item":"https:\/\/jesusatado.com\/"},{"@type":"ListItem","position":2,"name":"ACTOS CULTURALES"}]},{"@type":"WebSite","@id":"https:\/\/jesusatado.com\/#website","url":"https:\/\/jesusatado.com\/","name":"","description":"Jes\u00fas Atado","potentialAction":[{"@type":"SearchAction","target":{"@type":"EntryPoint","urlTemplate":"https:\/\/jesusatado.com\/?s={search_term_string}"},"query-input":{"@type":"PropertyValueSpecification","valueRequired":true,"valueName":"search_term_string"}}],"inLanguage":"es"}]}},"_links":{"self":[{"href":"https:\/\/jesusatado.com\/index.php?rest_route=\/wp\/v2\/pages\/44","targetHints":{"allow":["GET"]}}],"collection":[{"href":"https:\/\/jesusatado.com\/index.php?rest_route=\/wp\/v2\/pages"}],"about":[{"href":"https:\/\/jesusatado.com\/index.php?rest_route=\/wp\/v2\/types\/page"}],"author":[{"embeddable":true,"href":"https:\/\/jesusatado.com\/index.php?rest_route=\/wp\/v2\/users\/2"}],"replies":[{"embeddable":true,"href":"https:\/\/jesusatado.com\/index.php?rest_route=%2Fwp%2Fv2%2Fcomments&post=44"}],"version-history":[{"count":3,"href":"https:\/\/jesusatado.com\/index.php?rest_route=\/wp\/v2\/pages\/44\/revisions"}],"predecessor-version":[{"id":270,"href":"https:\/\/jesusatado.com\/index.php?rest_route=\/wp\/v2\/pages\/44\/revisions\/270"}],"wp:attachment":[{"href":"https:\/\/jesusatado.com\/index.php?rest_route=%2Fwp%2Fv2%2Fmedia&parent=44"}],"curies":[{"name":"wp","href":"https:\/\/api.w.org\/{rel}","templated":true}]}}