{"id":46,"date":"2022-04-12T07:23:34","date_gmt":"2022-04-12T07:23:34","guid":{"rendered":"http:\/\/localhost\/prueba\/?page_id=46"},"modified":"2022-04-20T06:27:09","modified_gmt":"2022-04-20T06:27:09","slug":"misa-baturra-conmemorativa-50-aniversario","status":"publish","type":"page","link":"https:\/\/jesusatado.com\/?page_id=46","title":{"rendered":"Misa Baturra Conmemorativa 50 Aniversario"},"content":{"rendered":"<h2>Misa Baturra Conmemorativa 50 Aniversario<\/h2>\n<div class=\"art-article\">\n<p>El s\u00e1bado d\u00eda 11, podemos indicar como el de la \u201c<strong>Fiesta principal de la Hermandad<\/strong>\u201d y as\u00ed fue, comenzaron los actos con disparo de cohetes y recepci\u00f3n a nuestras autoridades e invitados a las puertas de la iglesia del <strong>Convento de las Carmelitas Descalzas<\/strong>.<\/p>\n<p><img fetchpriority=\"high\" decoding=\"async\" class=\"alignnone size-full wp-image-188\" src=\"https:\/\/jesusatado.com\/wp-content\/uploads\/2022\/04\/MisaBaturra.jpg\" alt=\"\" width=\"500\" height=\"327\" srcset=\"https:\/\/jesusatado.com\/wp-content\/uploads\/2022\/04\/MisaBaturra.jpg 500w, https:\/\/jesusatado.com\/wp-content\/uploads\/2022\/04\/MisaBaturra-300x196.jpg 300w\" sizes=\"(max-width: 500px) 100vw, 500px\" \/><\/p>\n<p><!--\n\n\n\n<p class=\"rtecenter\">\n  <img decoding=\"async\" alt=\"Misa Baturra con motivo del 50 Aniversario\" src=\"\/sites\/default\/files\/paginas\/MisaBaturra.jpg\">\n\n--><\/p>\n<p>Seguidamente celebramos una Misa Baturra, en el Altar Mayor se encontraban en ambos lados nuestras im\u00e1genes de <strong>Jes\u00fas Atado y la Virgen de la Esperanza.<\/strong><\/p>\n<p>La Misa fue concelebrada por seis sacerdotes y presidida por nuestro Obispo Diocesano D. Antonio Algora, junto con los dos Vicarios Generales de la Di\u00f3cesis.<\/p>\n<p>El acto religioso resulto muy emocionante, con sus ofrendas de los distintos objetos alusivos de la Hermandad, por parte de la Banda y Camareras de la Virgen.<\/p>\n<p>Las se\u00f1oras ataviadas con nuestra t\u00edpica mantilla espa\u00f1ola, nuestras \u201cj\u00f3venes joteras\u201d con sus jotas para nuestro \u201cSanto\u201d y para la Virgen, nuestra \u201cBanda\u201d con sus toques que tan bien hab\u00edan preparado.<\/p>\n<p>No podemos olvidarnos tampoco de los miembros de la Hermandad, que en esta ocasi\u00f3n respondieron de forma masiva y que en algunas ocasiones a lo largo del mismo, les saltaron las lagrimas.<\/p>\n<p>Terminada esta celebraci\u00f3n seguidamente y seg\u00fan el programa previsto, se hizo entrega del nombramiento de \u201cHermanas Mayores\u201d de la Hermandad, a nuestras Monjas Clarisas y una Placa conmemorativa a los Padres Franciscanos, en un acto sencillo y muy emotivo<\/p>\n<div id=\"book-navigation-24\" class=\"book-navigation\">\n<ul class=\"menu\">\n<li class=\"leaf first last\"><a href=\"https:\/\/jesusatado.com\/?page_id=49\">Cena de Aniversario<\/a><\/li>\n<\/ul>\n<\/div>\n<\/div>\n","protected":false},"excerpt":{"rendered":"<p>Misa Baturra Conmemorativa 50 Aniversario El s\u00e1bado d\u00eda 11, podemos indicar como el de la \u201cFiesta principal de la Hermandad\u201d y as\u00ed fue, comenzaron los actos con disparo de cohetes y recepci\u00f3n a nuestras autoridades e invitados a las puertas de la iglesia del Convento de las Carmelitas Descalzas. Seguidamente celebramos una Misa Baturra, en [&hellip;]<\/p>\n","protected":false},"author":2,"featured_media":0,"parent":0,"menu_order":0,"comment_status":"closed","ping_status":"closed","template":"","meta":{"footnotes":""},"class_list":["post-46","page","type-page","status-publish","hentry"],"yoast_head":"<!-- This site is optimized with the Yoast SEO plugin v27.2 - https:\/\/yoast.com\/product\/yoast-seo-wordpress\/ -->\n<title>Misa Baturra Conmemorativa 50 Aniversario -<\/title>\n<meta name=\"robots\" content=\"index, follow, max-snippet:-1, max-image-preview:large, max-video-preview:-1\" \/>\n<link rel=\"canonical\" href=\"https:\/\/jesusatado.com\/?page_id=46\" \/>\n<meta property=\"og:locale\" content=\"es_ES\" \/>\n<meta property=\"og:type\" content=\"article\" \/>\n<meta property=\"og:title\" content=\"Misa Baturra Conmemorativa 50 Aniversario -\" \/>\n<meta property=\"og:description\" content=\"Misa Baturra Conmemorativa 50 Aniversario El s\u00e1bado d\u00eda 11, podemos indicar como el de la \u201cFiesta principal de la Hermandad\u201d y as\u00ed fue, comenzaron los actos con disparo de cohetes y recepci\u00f3n a nuestras autoridades e invitados a las puertas de la iglesia del Convento de las Carmelitas Descalzas. Seguidamente celebramos una Misa Baturra, en [&hellip;]\" \/>\n<meta property=\"og:url\" content=\"https:\/\/jesusatado.com\/?page_id=46\" \/>\n<meta property=\"article:modified_time\" content=\"2022-04-20T06:27:09+00:00\" \/>\n<meta property=\"og:image\" content=\"https:\/\/jesusatado.com\/wp-content\/uploads\/2022\/04\/MisaBaturra.jpg\" \/>\n<meta name=\"twitter:card\" content=\"summary_large_image\" \/>\n<meta name=\"twitter:label1\" content=\"Tiempo de lectura\" \/>\n\t<meta name=\"twitter:data1\" content=\"2 minutos\" \/>\n<script type=\"application\/ld+json\" class=\"yoast-schema-graph\">{\"@context\":\"https:\/\/schema.org\",\"@graph\":[{\"@type\":\"WebPage\",\"@id\":\"https:\/\/jesusatado.com\/?page_id=46\",\"url\":\"https:\/\/jesusatado.com\/?page_id=46\",\"name\":\"Misa Baturra Conmemorativa 50 Aniversario -\",\"isPartOf\":{\"@id\":\"https:\/\/jesusatado.com\/#website\"},\"primaryImageOfPage\":{\"@id\":\"https:\/\/jesusatado.com\/?page_id=46#primaryimage\"},\"image\":{\"@id\":\"https:\/\/jesusatado.com\/?page_id=46#primaryimage\"},\"thumbnailUrl\":\"https:\/\/jesusatado.com\/wp-content\/uploads\/2022\/04\/MisaBaturra.jpg\",\"datePublished\":\"2022-04-12T07:23:34+00:00\",\"dateModified\":\"2022-04-20T06:27:09+00:00\",\"breadcrumb\":{\"@id\":\"https:\/\/jesusatado.com\/?page_id=46#breadcrumb\"},\"inLanguage\":\"es\",\"potentialAction\":[{\"@type\":\"ReadAction\",\"target\":[\"https:\/\/jesusatado.com\/?page_id=46\"]}]},{\"@type\":\"ImageObject\",\"inLanguage\":\"es\",\"@id\":\"https:\/\/jesusatado.com\/?page_id=46#primaryimage\",\"url\":\"https:\/\/jesusatado.com\/wp-content\/uploads\/2022\/04\/MisaBaturra.jpg\",\"contentUrl\":\"https:\/\/jesusatado.com\/wp-content\/uploads\/2022\/04\/MisaBaturra.jpg\",\"width\":500,\"height\":327},{\"@type\":\"BreadcrumbList\",\"@id\":\"https:\/\/jesusatado.com\/?page_id=46#breadcrumb\",\"itemListElement\":[{\"@type\":\"ListItem\",\"position\":1,\"name\":\"Portada\",\"item\":\"https:\/\/jesusatado.com\/\"},{\"@type\":\"ListItem\",\"position\":2,\"name\":\"Misa Baturra Conmemorativa 50 Aniversario\"}]},{\"@type\":\"WebSite\",\"@id\":\"https:\/\/jesusatado.com\/#website\",\"url\":\"https:\/\/jesusatado.com\/\",\"name\":\"\",\"description\":\"Jes\u00fas Atado\",\"potentialAction\":[{\"@type\":\"SearchAction\",\"target\":{\"@type\":\"EntryPoint\",\"urlTemplate\":\"https:\/\/jesusatado.com\/?s={search_term_string}\"},\"query-input\":{\"@type\":\"PropertyValueSpecification\",\"valueRequired\":true,\"valueName\":\"search_term_string\"}}],\"inLanguage\":\"es\"}]}<\/script>\n<!-- \/ Yoast SEO plugin. -->","yoast_head_json":{"title":"Misa Baturra Conmemorativa 50 Aniversario -","robots":{"index":"index","follow":"follow","max-snippet":"max-snippet:-1","max-image-preview":"max-image-preview:large","max-video-preview":"max-video-preview:-1"},"canonical":"https:\/\/jesusatado.com\/?page_id=46","og_locale":"es_ES","og_type":"article","og_title":"Misa Baturra Conmemorativa 50 Aniversario -","og_description":"Misa Baturra Conmemorativa 50 Aniversario El s\u00e1bado d\u00eda 11, podemos indicar como el de la \u201cFiesta principal de la Hermandad\u201d y as\u00ed fue, comenzaron los actos con disparo de cohetes y recepci\u00f3n a nuestras autoridades e invitados a las puertas de la iglesia del Convento de las Carmelitas Descalzas. Seguidamente celebramos una Misa Baturra, en [&hellip;]","og_url":"https:\/\/jesusatado.com\/?page_id=46","article_modified_time":"2022-04-20T06:27:09+00:00","og_image":[{"url":"https:\/\/jesusatado.com\/wp-content\/uploads\/2022\/04\/MisaBaturra.jpg","type":"","width":"","height":""}],"twitter_card":"summary_large_image","twitter_misc":{"Tiempo de lectura":"2 minutos"},"schema":{"@context":"https:\/\/schema.org","@graph":[{"@type":"WebPage","@id":"https:\/\/jesusatado.com\/?page_id=46","url":"https:\/\/jesusatado.com\/?page_id=46","name":"Misa Baturra Conmemorativa 50 Aniversario -","isPartOf":{"@id":"https:\/\/jesusatado.com\/#website"},"primaryImageOfPage":{"@id":"https:\/\/jesusatado.com\/?page_id=46#primaryimage"},"image":{"@id":"https:\/\/jesusatado.com\/?page_id=46#primaryimage"},"thumbnailUrl":"https:\/\/jesusatado.com\/wp-content\/uploads\/2022\/04\/MisaBaturra.jpg","datePublished":"2022-04-12T07:23:34+00:00","dateModified":"2022-04-20T06:27:09+00:00","breadcrumb":{"@id":"https:\/\/jesusatado.com\/?page_id=46#breadcrumb"},"inLanguage":"es","potentialAction":[{"@type":"ReadAction","target":["https:\/\/jesusatado.com\/?page_id=46"]}]},{"@type":"ImageObject","inLanguage":"es","@id":"https:\/\/jesusatado.com\/?page_id=46#primaryimage","url":"https:\/\/jesusatado.com\/wp-content\/uploads\/2022\/04\/MisaBaturra.jpg","contentUrl":"https:\/\/jesusatado.com\/wp-content\/uploads\/2022\/04\/MisaBaturra.jpg","width":500,"height":327},{"@type":"BreadcrumbList","@id":"https:\/\/jesusatado.com\/?page_id=46#breadcrumb","itemListElement":[{"@type":"ListItem","position":1,"name":"Portada","item":"https:\/\/jesusatado.com\/"},{"@type":"ListItem","position":2,"name":"Misa Baturra Conmemorativa 50 Aniversario"}]},{"@type":"WebSite","@id":"https:\/\/jesusatado.com\/#website","url":"https:\/\/jesusatado.com\/","name":"","description":"Jes\u00fas Atado","potentialAction":[{"@type":"SearchAction","target":{"@type":"EntryPoint","urlTemplate":"https:\/\/jesusatado.com\/?s={search_term_string}"},"query-input":{"@type":"PropertyValueSpecification","valueRequired":true,"valueName":"search_term_string"}}],"inLanguage":"es"}]}},"_links":{"self":[{"href":"https:\/\/jesusatado.com\/index.php?rest_route=\/wp\/v2\/pages\/46","targetHints":{"allow":["GET"]}}],"collection":[{"href":"https:\/\/jesusatado.com\/index.php?rest_route=\/wp\/v2\/pages"}],"about":[{"href":"https:\/\/jesusatado.com\/index.php?rest_route=\/wp\/v2\/types\/page"}],"author":[{"embeddable":true,"href":"https:\/\/jesusatado.com\/index.php?rest_route=\/wp\/v2\/users\/2"}],"replies":[{"embeddable":true,"href":"https:\/\/jesusatado.com\/index.php?rest_route=%2Fwp%2Fv2%2Fcomments&post=46"}],"version-history":[{"count":3,"href":"https:\/\/jesusatado.com\/index.php?rest_route=\/wp\/v2\/pages\/46\/revisions"}],"predecessor-version":[{"id":269,"href":"https:\/\/jesusatado.com\/index.php?rest_route=\/wp\/v2\/pages\/46\/revisions\/269"}],"wp:attachment":[{"href":"https:\/\/jesusatado.com\/index.php?rest_route=%2Fwp%2Fv2%2Fmedia&parent=46"}],"curies":[{"name":"wp","href":"https:\/\/api.w.org\/{rel}","templated":true}]}}