{"id":49,"date":"2022-04-12T07:26:28","date_gmt":"2022-04-12T07:26:28","guid":{"rendered":"http:\/\/localhost\/prueba\/?page_id=49"},"modified":"2022-04-20T06:26:16","modified_gmt":"2022-04-20T06:26:16","slug":"cena-de-aniversario","status":"publish","type":"page","link":"https:\/\/jesusatado.com\/?page_id=49","title":{"rendered":"Cena de Aniversario"},"content":{"rendered":"<h2>Cena de Aniversario<\/h2>\n<div>\n<p>Como colof\u00f3n a estos actos conmemorativos del <strong>50 Aniversario<\/strong>, celebramos una Cena Aniversario, homenajeando a los distintos cofrades fundadores.<\/p>\n<p>La cena resulto de muy buena hermandad entre los asistentes, nos acompa\u00f1aron nuestra primeras Autoridades tanto religiosas, como civiles, presidentes de las distintas Hermandades de nuestra ciudad, <strong>Casa del Tambor<\/strong> y nuestros \u201camigos\u201d de la <strong>A.C. Club Consolaci\u00f3n \u2013 Tambores de Calatayud<\/strong>, nuestros cofrades y familiares de los distintos homenajeados.<\/p>\n<p>A los postres los seis homenajeados <strong>Pedro Fleta, Angel Gonz\u00e1lez, L\u00e1zaro Vicente, Maruja Pastor, Rosita Pastor y Cristina S\u00e1nchez,<\/strong> recibieron la medalla y pins de la Hermandad, tras unas palabras del <strong>Presidente Fernando Tom\u00e1s,<\/strong> destacando la labor realizada por todos ellos, en la \u00e9poca de la fundaci\u00f3n; teniendo un recuerdo tambi\u00e9n con los desaparecidos y los que por causas de su avanzada edad o estado de salud, no nos pudieron acompa\u00f1ar.<\/p>\n<p>Seguidamente se repartieron obsequios conmemorativos de este Aniversario, tanto por parte de la Hermandad, como por las Asociaciones culturales y Hermandades asistentes.<\/p>\n<p><img fetchpriority=\"high\" decoding=\"async\" class=\"alignnone size-full wp-image-177\" src=\"https:\/\/jesusatado.com\/wp-content\/uploads\/2022\/04\/AngelGonzalez.jpg\" alt=\"\" width=\"239\" height=\"350\" srcset=\"https:\/\/jesusatado.com\/wp-content\/uploads\/2022\/04\/AngelGonzalez.jpg 239w, https:\/\/jesusatado.com\/wp-content\/uploads\/2022\/04\/AngelGonzalez-205x300.jpg 205w\" sizes=\"(max-width: 239px) 100vw, 239px\" \/><\/p>\n<p><!--\n\n\n\n<p class=\"rtecenter\">\n  <img decoding=\"async\" alt=\"Acto a Angel Gonzalez\" src=\"\/sites\/default\/files\/paginas\/AngelGonzalez.jpg\" style=\"width: 239px; height: 350px; margin: 10px;\">\n\n--><\/p>\n<p>Resumiendo una semana de exposici\u00f3n y actos, de los que, despu\u00e9s de los varios meses de preparaci\u00f3n, los nervios pasados por eso del que no llegamos, la forma en que se monto toda la exposici\u00f3n, la ayuda desinteresada de todo el equipo de la Junta Directiva y colaboradores, despu\u00e9s de haber visto el resultado, t\u00e9 quedas con esa pena de no tener una \u201csala de exposiciones\u201d propia, para poder ense\u00f1ar todos estos <strong>\u201c50 a\u00f1os caminando junto a Ti\u201d<\/strong><\/p>\n<p>&nbsp;<\/p>\n<h5 align=\"right\">Francisco G\u00f3mez S.<\/h5>\n<\/div>\n","protected":false},"excerpt":{"rendered":"<p>Cena de Aniversario Como colof\u00f3n a estos actos conmemorativos del 50 Aniversario, celebramos una Cena Aniversario, homenajeando a los distintos cofrades fundadores. La cena resulto de muy buena hermandad entre los asistentes, nos acompa\u00f1aron nuestra primeras Autoridades tanto religiosas, como civiles, presidentes de las distintas Hermandades de nuestra ciudad, Casa del Tambor y nuestros \u201camigos\u201d [&hellip;]<\/p>\n","protected":false},"author":2,"featured_media":0,"parent":0,"menu_order":0,"comment_status":"closed","ping_status":"closed","template":"","meta":{"footnotes":""},"class_list":["post-49","page","type-page","status-publish","hentry"],"yoast_head":"<!-- This site is optimized with the Yoast SEO plugin v27.2 - https:\/\/yoast.com\/product\/yoast-seo-wordpress\/ -->\n<title>Cena de Aniversario -<\/title>\n<meta name=\"robots\" content=\"index, follow, max-snippet:-1, max-image-preview:large, max-video-preview:-1\" \/>\n<link rel=\"canonical\" href=\"https:\/\/jesusatado.com\/?page_id=49\" \/>\n<meta property=\"og:locale\" content=\"es_ES\" \/>\n<meta property=\"og:type\" content=\"article\" \/>\n<meta property=\"og:title\" content=\"Cena de Aniversario -\" \/>\n<meta property=\"og:description\" content=\"Cena de Aniversario Como colof\u00f3n a estos actos conmemorativos del 50 Aniversario, celebramos una Cena Aniversario, homenajeando a los distintos cofrades fundadores. La cena resulto de muy buena hermandad entre los asistentes, nos acompa\u00f1aron nuestra primeras Autoridades tanto religiosas, como civiles, presidentes de las distintas Hermandades de nuestra ciudad, Casa del Tambor y nuestros \u201camigos\u201d [&hellip;]\" \/>\n<meta property=\"og:url\" content=\"https:\/\/jesusatado.com\/?page_id=49\" \/>\n<meta property=\"article:modified_time\" content=\"2022-04-20T06:26:16+00:00\" \/>\n<meta property=\"og:image\" content=\"https:\/\/jesusatado.com\/wp-content\/uploads\/2022\/04\/AngelGonzalez.jpg\" \/>\n<meta name=\"twitter:card\" content=\"summary_large_image\" \/>\n<meta name=\"twitter:label1\" content=\"Tiempo de lectura\" \/>\n\t<meta name=\"twitter:data1\" content=\"2 minutos\" \/>\n<script type=\"application\/ld+json\" class=\"yoast-schema-graph\">{\"@context\":\"https:\/\/schema.org\",\"@graph\":[{\"@type\":\"WebPage\",\"@id\":\"https:\/\/jesusatado.com\/?page_id=49\",\"url\":\"https:\/\/jesusatado.com\/?page_id=49\",\"name\":\"Cena de Aniversario -\",\"isPartOf\":{\"@id\":\"https:\/\/jesusatado.com\/#website\"},\"primaryImageOfPage\":{\"@id\":\"https:\/\/jesusatado.com\/?page_id=49#primaryimage\"},\"image\":{\"@id\":\"https:\/\/jesusatado.com\/?page_id=49#primaryimage\"},\"thumbnailUrl\":\"https:\/\/jesusatado.com\/wp-content\/uploads\/2022\/04\/AngelGonzalez.jpg\",\"datePublished\":\"2022-04-12T07:26:28+00:00\",\"dateModified\":\"2022-04-20T06:26:16+00:00\",\"breadcrumb\":{\"@id\":\"https:\/\/jesusatado.com\/?page_id=49#breadcrumb\"},\"inLanguage\":\"es\",\"potentialAction\":[{\"@type\":\"ReadAction\",\"target\":[\"https:\/\/jesusatado.com\/?page_id=49\"]}]},{\"@type\":\"ImageObject\",\"inLanguage\":\"es\",\"@id\":\"https:\/\/jesusatado.com\/?page_id=49#primaryimage\",\"url\":\"https:\/\/jesusatado.com\/wp-content\/uploads\/2022\/04\/AngelGonzalez.jpg\",\"contentUrl\":\"https:\/\/jesusatado.com\/wp-content\/uploads\/2022\/04\/AngelGonzalez.jpg\",\"width\":239,\"height\":350},{\"@type\":\"BreadcrumbList\",\"@id\":\"https:\/\/jesusatado.com\/?page_id=49#breadcrumb\",\"itemListElement\":[{\"@type\":\"ListItem\",\"position\":1,\"name\":\"Portada\",\"item\":\"https:\/\/jesusatado.com\/\"},{\"@type\":\"ListItem\",\"position\":2,\"name\":\"Cena de Aniversario\"}]},{\"@type\":\"WebSite\",\"@id\":\"https:\/\/jesusatado.com\/#website\",\"url\":\"https:\/\/jesusatado.com\/\",\"name\":\"\",\"description\":\"Jes\u00fas Atado\",\"potentialAction\":[{\"@type\":\"SearchAction\",\"target\":{\"@type\":\"EntryPoint\",\"urlTemplate\":\"https:\/\/jesusatado.com\/?s={search_term_string}\"},\"query-input\":{\"@type\":\"PropertyValueSpecification\",\"valueRequired\":true,\"valueName\":\"search_term_string\"}}],\"inLanguage\":\"es\"}]}<\/script>\n<!-- \/ Yoast SEO plugin. -->","yoast_head_json":{"title":"Cena de Aniversario -","robots":{"index":"index","follow":"follow","max-snippet":"max-snippet:-1","max-image-preview":"max-image-preview:large","max-video-preview":"max-video-preview:-1"},"canonical":"https:\/\/jesusatado.com\/?page_id=49","og_locale":"es_ES","og_type":"article","og_title":"Cena de Aniversario -","og_description":"Cena de Aniversario Como colof\u00f3n a estos actos conmemorativos del 50 Aniversario, celebramos una Cena Aniversario, homenajeando a los distintos cofrades fundadores. La cena resulto de muy buena hermandad entre los asistentes, nos acompa\u00f1aron nuestra primeras Autoridades tanto religiosas, como civiles, presidentes de las distintas Hermandades de nuestra ciudad, Casa del Tambor y nuestros \u201camigos\u201d [&hellip;]","og_url":"https:\/\/jesusatado.com\/?page_id=49","article_modified_time":"2022-04-20T06:26:16+00:00","og_image":[{"url":"https:\/\/jesusatado.com\/wp-content\/uploads\/2022\/04\/AngelGonzalez.jpg","type":"","width":"","height":""}],"twitter_card":"summary_large_image","twitter_misc":{"Tiempo de lectura":"2 minutos"},"schema":{"@context":"https:\/\/schema.org","@graph":[{"@type":"WebPage","@id":"https:\/\/jesusatado.com\/?page_id=49","url":"https:\/\/jesusatado.com\/?page_id=49","name":"Cena de Aniversario -","isPartOf":{"@id":"https:\/\/jesusatado.com\/#website"},"primaryImageOfPage":{"@id":"https:\/\/jesusatado.com\/?page_id=49#primaryimage"},"image":{"@id":"https:\/\/jesusatado.com\/?page_id=49#primaryimage"},"thumbnailUrl":"https:\/\/jesusatado.com\/wp-content\/uploads\/2022\/04\/AngelGonzalez.jpg","datePublished":"2022-04-12T07:26:28+00:00","dateModified":"2022-04-20T06:26:16+00:00","breadcrumb":{"@id":"https:\/\/jesusatado.com\/?page_id=49#breadcrumb"},"inLanguage":"es","potentialAction":[{"@type":"ReadAction","target":["https:\/\/jesusatado.com\/?page_id=49"]}]},{"@type":"ImageObject","inLanguage":"es","@id":"https:\/\/jesusatado.com\/?page_id=49#primaryimage","url":"https:\/\/jesusatado.com\/wp-content\/uploads\/2022\/04\/AngelGonzalez.jpg","contentUrl":"https:\/\/jesusatado.com\/wp-content\/uploads\/2022\/04\/AngelGonzalez.jpg","width":239,"height":350},{"@type":"BreadcrumbList","@id":"https:\/\/jesusatado.com\/?page_id=49#breadcrumb","itemListElement":[{"@type":"ListItem","position":1,"name":"Portada","item":"https:\/\/jesusatado.com\/"},{"@type":"ListItem","position":2,"name":"Cena de Aniversario"}]},{"@type":"WebSite","@id":"https:\/\/jesusatado.com\/#website","url":"https:\/\/jesusatado.com\/","name":"","description":"Jes\u00fas Atado","potentialAction":[{"@type":"SearchAction","target":{"@type":"EntryPoint","urlTemplate":"https:\/\/jesusatado.com\/?s={search_term_string}"},"query-input":{"@type":"PropertyValueSpecification","valueRequired":true,"valueName":"search_term_string"}}],"inLanguage":"es"}]}},"_links":{"self":[{"href":"https:\/\/jesusatado.com\/index.php?rest_route=\/wp\/v2\/pages\/49","targetHints":{"allow":["GET"]}}],"collection":[{"href":"https:\/\/jesusatado.com\/index.php?rest_route=\/wp\/v2\/pages"}],"about":[{"href":"https:\/\/jesusatado.com\/index.php?rest_route=\/wp\/v2\/types\/page"}],"author":[{"embeddable":true,"href":"https:\/\/jesusatado.com\/index.php?rest_route=\/wp\/v2\/users\/2"}],"replies":[{"embeddable":true,"href":"https:\/\/jesusatado.com\/index.php?rest_route=%2Fwp%2Fv2%2Fcomments&post=49"}],"version-history":[{"count":1,"href":"https:\/\/jesusatado.com\/index.php?rest_route=\/wp\/v2\/pages\/49\/revisions"}],"predecessor-version":[{"id":268,"href":"https:\/\/jesusatado.com\/index.php?rest_route=\/wp\/v2\/pages\/49\/revisions\/268"}],"wp:attachment":[{"href":"https:\/\/jesusatado.com\/index.php?rest_route=%2Fwp%2Fv2%2Fmedia&parent=49"}],"curies":[{"name":"wp","href":"https:\/\/api.w.org\/{rel}","templated":true}]}}