{"id":61,"date":"2022-04-12T07:37:22","date_gmt":"2022-04-12T07:37:22","guid":{"rendered":"http:\/\/localhost\/prueba\/?page_id=61"},"modified":"2022-04-12T07:37:22","modified_gmt":"2022-04-12T07:37:22","slug":"directores-del-centro-penitenciario","status":"publish","type":"page","link":"https:\/\/jesusatado.com\/?page_id=61","title":{"rendered":"Directores del Centro Penitenciario"},"content":{"rendered":"<h2 class=\"art-postheader\">Directores del Centro Penitenciario<\/h2>\n<\/div>\n<p class=\"normal\">\n\t\t&nbsp;&nbsp;&nbsp;&nbsp;&nbsp;Por otro lado en el 50 aniversario de la Hermandad tambi\u00e9n se realizaron distintos homenajes a varios presidentes de las distintas Hermandades y Cofrad\u00edas de Teruel en la visita al centro penitenciario, tales como:<\/p>\n<p class=\"normal\">\n\t\t&nbsp;&nbsp;&nbsp;&nbsp;&nbsp;Para finalizar y no por ello menos importante desear\u00edamos destacar dos homenajes muy emotivos a los cuales la Hermandad tiene mucho afecto y son a <strong>Don Antonio Algora<\/strong> y al <strong>Se\u00f1or Tom\u00e1s Ma\u00edcas Jimenez<\/strong> teniendo una menci\u00f3n especial a trav\u00e9s de dos escritos realizados por <strong>Don Francisco G\u00f3mez<\/strong> y por nuestros m\u00e1s j\u00f3venes cofrades, los cuales pueden ser leidos a trav\u00e9s de los siguientes enlaces.<\/p>\n<ul>\n<li class=\"normal\">\n\t\t\tPadres Franciscanos (Capellanes de la Hermandad)<\/li>\n<li class=\"normal\">\n\t\t\tJos\u00e9 Navarro Do\u00f1ate (Capell\u00e1n del Centro Penitenciario)<\/li>\n<li class=\"normal\">\n\t\t\tVicente Royuela (Capell\u00e1n)<\/li>\n<li class=\"normal\">\n\t\t\tFerm\u00edn Gimeno (Capell\u00e1n)<\/li>\n<li class=\"normal\">\n\t\t\tJos\u00e9 L\u00f3pez Viadero, Teniente Coronel de la Guardia Civil<\/li>\n<li class=\"normal\">\n\t\t\tEnrique Cabezas, Comandante de la Guardia Civl<\/li>\n<li class=\"normal\">\n\t\t\tLeoncio Lorente G\u00f3mez, Comisario Jefe de la Polic\u00eda Nacional<\/li>\n<li class=\"normal\">\n\t\t\tManuel Gonz\u00e1lez Garc\u00eda (Se construyo la Prisi\u00f3n durante su Direcci\u00f3n)<\/li>\n<li class=\"normal\">\n\t\t\tPascual Palaz\u00f3n Delatre (de Julio 1961 hasta Agosto de 1962)<\/li>\n<li class=\"normal\">\n\t\t\tD. Trinidad Mu\u00f1oz Andr\u00e9s (1962 a 1967)<\/li>\n<li class=\"normal\">\n\t\t\tGaspar Amaro S\u00e1nchez (1967 a 1974)<\/li>\n<li class=\"normal\">\n\t\t\tEnrique Caballero Marco<\/li>\n<li class=\"normal\">\n\t\t\tManuel Seoane Diaz<\/li>\n<li class=\"normal\">\n\t\t\tJuli\u00e1n P\u00e9rez de Gracia y Alvarez<\/li>\n<li class=\"normal\">\n\t\t\tJos\u00e9 F\u00e9lix L\u00f3pez Araujo<\/li>\n<li class=\"normal\">\n\t\t\tJos\u00e9 A. Rodriguez Leal<\/li>\n<li class=\"normal\">\n\t\t\tLuis Lozano Ramos<\/li>\n<li class=\"normal\">\n\t\t\tMilagros Gonz\u00e1lez Jim\u00e9nez<\/li>\n<li class=\"normal\">\n\t\t\tJulio Esteban Igual<\/li>\n<li class=\"normal\">\n\t\t\tFernando Balen Rousselet,. Cofrad\u00eda de la Entrada Jes\u00fas en Jerusalem<\/li>\n<li class=\"normal\">\n\t\t\tManuel Abad Saz.- Hermandad de la Sangre<\/li>\n<li class=\"normal\">\n\t\t\t\u00c1ngel Espilez Soriano.- Hermandad de Jes\u00fas Nazareno y M\u00aa. Stma. del Rosario.<\/li>\n<li class=\"normal\">\n\t\t\tLuis Navarrete Ma\u00edcas.- Hermandad del Sto. Sepulcro y Stmo. Cristo del Amor<\/li>\n<li class=\"normal\">\n\t\t\tRamiro Valero Nogueras.- Cofrad\u00eda de Stma. Virgen de la Soledad.<\/li>\n<\/ul>\n<\/div>\n","protected":false},"excerpt":{"rendered":"<p>Directores del Centro Penitenciario &nbsp;&nbsp;&nbsp;&nbsp;&nbsp;Por otro lado en el 50 aniversario de la Hermandad tambi\u00e9n se realizaron distintos homenajes a varios presidentes de las distintas Hermandades y Cofrad\u00edas de Teruel en la visita al centro penitenciario, tales como: &nbsp;&nbsp;&nbsp;&nbsp;&nbsp;Para finalizar y no por ello menos importante desear\u00edamos destacar dos homenajes muy emotivos a los cuales [&hellip;]<\/p>\n","protected":false},"author":2,"featured_media":0,"parent":0,"menu_order":0,"comment_status":"closed","ping_status":"closed","template":"","meta":{"footnotes":""},"class_list":["post-61","page","type-page","status-publish","hentry"],"yoast_head":"<!-- This site is optimized with the Yoast SEO plugin v27.2 - https:\/\/yoast.com\/product\/yoast-seo-wordpress\/ -->\n<title>Directores del Centro Penitenciario -<\/title>\n<meta name=\"robots\" content=\"index, follow, max-snippet:-1, max-image-preview:large, max-video-preview:-1\" \/>\n<link rel=\"canonical\" href=\"https:\/\/jesusatado.com\/?page_id=61\" \/>\n<meta property=\"og:locale\" content=\"es_ES\" \/>\n<meta property=\"og:type\" content=\"article\" \/>\n<meta property=\"og:title\" content=\"Directores del Centro Penitenciario -\" \/>\n<meta property=\"og:description\" content=\"Directores del Centro Penitenciario &nbsp;&nbsp;&nbsp;&nbsp;&nbsp;Por otro lado en el 50 aniversario de la Hermandad tambi\u00e9n se realizaron distintos homenajes a varios presidentes de las distintas Hermandades y Cofrad\u00edas de Teruel en la visita al centro penitenciario, tales como: &nbsp;&nbsp;&nbsp;&nbsp;&nbsp;Para finalizar y no por ello menos importante desear\u00edamos destacar dos homenajes muy emotivos a los cuales [&hellip;]\" \/>\n<meta property=\"og:url\" content=\"https:\/\/jesusatado.com\/?page_id=61\" \/>\n<meta name=\"twitter:card\" content=\"summary_large_image\" \/>\n<meta name=\"twitter:label1\" content=\"Tiempo de lectura\" \/>\n\t<meta name=\"twitter:data1\" content=\"2 minutos\" \/>\n<script type=\"application\/ld+json\" class=\"yoast-schema-graph\">{\"@context\":\"https:\/\/schema.org\",\"@graph\":[{\"@type\":\"WebPage\",\"@id\":\"https:\/\/jesusatado.com\/?page_id=61\",\"url\":\"https:\/\/jesusatado.com\/?page_id=61\",\"name\":\"Directores del Centro Penitenciario -\",\"isPartOf\":{\"@id\":\"https:\/\/jesusatado.com\/#website\"},\"datePublished\":\"2022-04-12T07:37:22+00:00\",\"breadcrumb\":{\"@id\":\"https:\/\/jesusatado.com\/?page_id=61#breadcrumb\"},\"inLanguage\":\"es\",\"potentialAction\":[{\"@type\":\"ReadAction\",\"target\":[\"https:\/\/jesusatado.com\/?page_id=61\"]}]},{\"@type\":\"BreadcrumbList\",\"@id\":\"https:\/\/jesusatado.com\/?page_id=61#breadcrumb\",\"itemListElement\":[{\"@type\":\"ListItem\",\"position\":1,\"name\":\"Portada\",\"item\":\"https:\/\/jesusatado.com\/\"},{\"@type\":\"ListItem\",\"position\":2,\"name\":\"Directores del Centro Penitenciario\"}]},{\"@type\":\"WebSite\",\"@id\":\"https:\/\/jesusatado.com\/#website\",\"url\":\"https:\/\/jesusatado.com\/\",\"name\":\"\",\"description\":\"Jes\u00fas Atado\",\"potentialAction\":[{\"@type\":\"SearchAction\",\"target\":{\"@type\":\"EntryPoint\",\"urlTemplate\":\"https:\/\/jesusatado.com\/?s={search_term_string}\"},\"query-input\":{\"@type\":\"PropertyValueSpecification\",\"valueRequired\":true,\"valueName\":\"search_term_string\"}}],\"inLanguage\":\"es\"}]}<\/script>\n<!-- \/ Yoast SEO plugin. -->","yoast_head_json":{"title":"Directores del Centro Penitenciario -","robots":{"index":"index","follow":"follow","max-snippet":"max-snippet:-1","max-image-preview":"max-image-preview:large","max-video-preview":"max-video-preview:-1"},"canonical":"https:\/\/jesusatado.com\/?page_id=61","og_locale":"es_ES","og_type":"article","og_title":"Directores del Centro Penitenciario -","og_description":"Directores del Centro Penitenciario &nbsp;&nbsp;&nbsp;&nbsp;&nbsp;Por otro lado en el 50 aniversario de la Hermandad tambi\u00e9n se realizaron distintos homenajes a varios presidentes de las distintas Hermandades y Cofrad\u00edas de Teruel en la visita al centro penitenciario, tales como: &nbsp;&nbsp;&nbsp;&nbsp;&nbsp;Para finalizar y no por ello menos importante desear\u00edamos destacar dos homenajes muy emotivos a los cuales [&hellip;]","og_url":"https:\/\/jesusatado.com\/?page_id=61","twitter_card":"summary_large_image","twitter_misc":{"Tiempo de lectura":"2 minutos"},"schema":{"@context":"https:\/\/schema.org","@graph":[{"@type":"WebPage","@id":"https:\/\/jesusatado.com\/?page_id=61","url":"https:\/\/jesusatado.com\/?page_id=61","name":"Directores del Centro Penitenciario -","isPartOf":{"@id":"https:\/\/jesusatado.com\/#website"},"datePublished":"2022-04-12T07:37:22+00:00","breadcrumb":{"@id":"https:\/\/jesusatado.com\/?page_id=61#breadcrumb"},"inLanguage":"es","potentialAction":[{"@type":"ReadAction","target":["https:\/\/jesusatado.com\/?page_id=61"]}]},{"@type":"BreadcrumbList","@id":"https:\/\/jesusatado.com\/?page_id=61#breadcrumb","itemListElement":[{"@type":"ListItem","position":1,"name":"Portada","item":"https:\/\/jesusatado.com\/"},{"@type":"ListItem","position":2,"name":"Directores del Centro Penitenciario"}]},{"@type":"WebSite","@id":"https:\/\/jesusatado.com\/#website","url":"https:\/\/jesusatado.com\/","name":"","description":"Jes\u00fas Atado","potentialAction":[{"@type":"SearchAction","target":{"@type":"EntryPoint","urlTemplate":"https:\/\/jesusatado.com\/?s={search_term_string}"},"query-input":{"@type":"PropertyValueSpecification","valueRequired":true,"valueName":"search_term_string"}}],"inLanguage":"es"}]}},"_links":{"self":[{"href":"https:\/\/jesusatado.com\/index.php?rest_route=\/wp\/v2\/pages\/61","targetHints":{"allow":["GET"]}}],"collection":[{"href":"https:\/\/jesusatado.com\/index.php?rest_route=\/wp\/v2\/pages"}],"about":[{"href":"https:\/\/jesusatado.com\/index.php?rest_route=\/wp\/v2\/types\/page"}],"author":[{"embeddable":true,"href":"https:\/\/jesusatado.com\/index.php?rest_route=\/wp\/v2\/users\/2"}],"replies":[{"embeddable":true,"href":"https:\/\/jesusatado.com\/index.php?rest_route=%2Fwp%2Fv2%2Fcomments&post=61"}],"version-history":[{"count":0,"href":"https:\/\/jesusatado.com\/index.php?rest_route=\/wp\/v2\/pages\/61\/revisions"}],"wp:attachment":[{"href":"https:\/\/jesusatado.com\/index.php?rest_route=%2Fwp%2Fv2%2Fmedia&parent=61"}],"curies":[{"name":"wp","href":"https:\/\/api.w.org\/{rel}","templated":true}]}}