{"id":63,"date":"2022-04-12T07:38:30","date_gmt":"2022-04-12T07:38:30","guid":{"rendered":"http:\/\/localhost\/prueba\/?page_id=63"},"modified":"2022-04-12T07:38:30","modified_gmt":"2022-04-12T07:38:30","slug":"personalidades-y-autoridades-de-teruel","status":"publish","type":"page","link":"https:\/\/jesusatado.com\/?page_id=63","title":{"rendered":"Personalidades y Autoridades de Teruel"},"content":{"rendered":"<h2 class=\"art-postheader\">Personalidades y Autoridades de Teruel<\/h2>\n<div>\n<h2>Alcaldes<\/h2>\n<h2>Presidentes de la Junta de Hermandades<\/h2>\n<h2>Vicarios Generales de la Di\u00f3cesis<\/h2>\n<p>&nbsp;&nbsp;&nbsp;&nbsp;&nbsp;La Hermandad a lo largo de sus 55 a\u00f1os de historia tambi\u00e9n ha tenido distintas visitas de personalidades del Ministerio de Justicia tales como:<\/p>\n<ul>\n<li>Angel Manuel Fern\u00e1ndez Vidal , Gobernador Civl y Subdelegado del Gobierno<\/li>\n<li>Marco A. Rando Rando, Subdelegado del Gobierno<\/li>\n<li>Jos\u00e9 Maria Valero Ad\u00e1n, Secretario Gral. Subdelegaci\u00f3n del Gobierno.<\/li>\n<li>Gregorio Garzaran Garcia (Diputado)<\/li>\n<li>Leocadio Bueso Zaera (Diputado)<\/li>\n<li>Antonio Angel Algora Hernando, Obispo de Teruel-Albarrac\u00edn<\/li>\n<li>Jos\u00e9 M. Lorca Planes, Obispo de Teruel-Albarrac\u00edn<\/li>\n<li>Miguel Ferrer Gorriz, Presidente de la Diputaci\u00f3n<\/li>\n<li>Ricardo Eced S\u00e1nchez<\/li>\n<li>Luis Fern\u00e1ndez Uriel<\/li>\n<li>Manuel Blasco Marqu\u00e9s<\/li>\n<li>Maria Lucia G\u00f3mez Garc\u00eda<\/li>\n<li>Manuel Abad Saz<\/li>\n<li>Jos\u00e9 Manuel Mu\u00f1oz Calvo<\/li>\n<li>Crist\u00f3bal Navarro<\/li>\n<li>Vicente Altaba<\/li>\n<li>Blas Sanz<\/li>\n<li>Jos\u00e9 Sesma Quintana en 1974 (Jefe de Personal)<\/li>\n<li>Fernando L\u00f3pez y L\u00f3pez y Emilio Tabera Benito en 1982, que ostentaban distintos cargos en el Ministerio<\/li>\n<li>Angel Yuste Castillejo en 2001, Director Gral. de Instituciones Penitenciarias.<\/li>\n<li>Fernando L\u00f3pez y L\u00f3pez e Irineo Herrero en 2002, con distintos cargos tambi\u00e9n en el Ministerio de Justicia.<\/li>\n<li>Manuel Sebastian.<\/li>\n<li>Alfondo Belenguer Celma.<\/li>\n<\/ul>\n<\/div>\n","protected":false},"excerpt":{"rendered":"<p>Personalidades y Autoridades de Teruel Alcaldes Presidentes de la Junta de Hermandades Vicarios Generales de la Di\u00f3cesis &nbsp;&nbsp;&nbsp;&nbsp;&nbsp;La Hermandad a lo largo de sus 55 a\u00f1os de historia tambi\u00e9n ha tenido distintas visitas de personalidades del Ministerio de Justicia tales como: Angel Manuel Fern\u00e1ndez Vidal , Gobernador Civl y Subdelegado del Gobierno Marco A. Rando [&hellip;]<\/p>\n","protected":false},"author":2,"featured_media":0,"parent":0,"menu_order":0,"comment_status":"closed","ping_status":"closed","template":"","meta":{"footnotes":""},"class_list":["post-63","page","type-page","status-publish","hentry"],"yoast_head":"<!-- This site is optimized with the Yoast SEO plugin v27.2 - https:\/\/yoast.com\/product\/yoast-seo-wordpress\/ -->\n<title>Personalidades y Autoridades de Teruel -<\/title>\n<meta name=\"robots\" content=\"index, follow, max-snippet:-1, max-image-preview:large, max-video-preview:-1\" \/>\n<link rel=\"canonical\" href=\"https:\/\/jesusatado.com\/?page_id=63\" \/>\n<meta property=\"og:locale\" content=\"es_ES\" \/>\n<meta property=\"og:type\" content=\"article\" \/>\n<meta property=\"og:title\" content=\"Personalidades y Autoridades de Teruel -\" \/>\n<meta property=\"og:description\" content=\"Personalidades y Autoridades de Teruel Alcaldes Presidentes de la Junta de Hermandades Vicarios Generales de la Di\u00f3cesis &nbsp;&nbsp;&nbsp;&nbsp;&nbsp;La Hermandad a lo largo de sus 55 a\u00f1os de historia tambi\u00e9n ha tenido distintas visitas de personalidades del Ministerio de Justicia tales como: Angel Manuel Fern\u00e1ndez Vidal , Gobernador Civl y Subdelegado del Gobierno Marco A. Rando [&hellip;]\" \/>\n<meta property=\"og:url\" content=\"https:\/\/jesusatado.com\/?page_id=63\" \/>\n<meta name=\"twitter:card\" content=\"summary_large_image\" \/>\n<meta name=\"twitter:label1\" content=\"Tiempo de lectura\" \/>\n\t<meta name=\"twitter:data1\" content=\"1 minuto\" \/>\n<script type=\"application\/ld+json\" class=\"yoast-schema-graph\">{\"@context\":\"https:\/\/schema.org\",\"@graph\":[{\"@type\":\"WebPage\",\"@id\":\"https:\/\/jesusatado.com\/?page_id=63\",\"url\":\"https:\/\/jesusatado.com\/?page_id=63\",\"name\":\"Personalidades y Autoridades de Teruel -\",\"isPartOf\":{\"@id\":\"https:\/\/jesusatado.com\/#website\"},\"datePublished\":\"2022-04-12T07:38:30+00:00\",\"breadcrumb\":{\"@id\":\"https:\/\/jesusatado.com\/?page_id=63#breadcrumb\"},\"inLanguage\":\"es\",\"potentialAction\":[{\"@type\":\"ReadAction\",\"target\":[\"https:\/\/jesusatado.com\/?page_id=63\"]}]},{\"@type\":\"BreadcrumbList\",\"@id\":\"https:\/\/jesusatado.com\/?page_id=63#breadcrumb\",\"itemListElement\":[{\"@type\":\"ListItem\",\"position\":1,\"name\":\"Portada\",\"item\":\"https:\/\/jesusatado.com\/\"},{\"@type\":\"ListItem\",\"position\":2,\"name\":\"Personalidades y Autoridades de Teruel\"}]},{\"@type\":\"WebSite\",\"@id\":\"https:\/\/jesusatado.com\/#website\",\"url\":\"https:\/\/jesusatado.com\/\",\"name\":\"\",\"description\":\"Jes\u00fas Atado\",\"potentialAction\":[{\"@type\":\"SearchAction\",\"target\":{\"@type\":\"EntryPoint\",\"urlTemplate\":\"https:\/\/jesusatado.com\/?s={search_term_string}\"},\"query-input\":{\"@type\":\"PropertyValueSpecification\",\"valueRequired\":true,\"valueName\":\"search_term_string\"}}],\"inLanguage\":\"es\"}]}<\/script>\n<!-- \/ Yoast SEO plugin. -->","yoast_head_json":{"title":"Personalidades y Autoridades de Teruel -","robots":{"index":"index","follow":"follow","max-snippet":"max-snippet:-1","max-image-preview":"max-image-preview:large","max-video-preview":"max-video-preview:-1"},"canonical":"https:\/\/jesusatado.com\/?page_id=63","og_locale":"es_ES","og_type":"article","og_title":"Personalidades y Autoridades de Teruel -","og_description":"Personalidades y Autoridades de Teruel Alcaldes Presidentes de la Junta de Hermandades Vicarios Generales de la Di\u00f3cesis &nbsp;&nbsp;&nbsp;&nbsp;&nbsp;La Hermandad a lo largo de sus 55 a\u00f1os de historia tambi\u00e9n ha tenido distintas visitas de personalidades del Ministerio de Justicia tales como: Angel Manuel Fern\u00e1ndez Vidal , Gobernador Civl y Subdelegado del Gobierno Marco A. Rando [&hellip;]","og_url":"https:\/\/jesusatado.com\/?page_id=63","twitter_card":"summary_large_image","twitter_misc":{"Tiempo de lectura":"1 minuto"},"schema":{"@context":"https:\/\/schema.org","@graph":[{"@type":"WebPage","@id":"https:\/\/jesusatado.com\/?page_id=63","url":"https:\/\/jesusatado.com\/?page_id=63","name":"Personalidades y Autoridades de Teruel -","isPartOf":{"@id":"https:\/\/jesusatado.com\/#website"},"datePublished":"2022-04-12T07:38:30+00:00","breadcrumb":{"@id":"https:\/\/jesusatado.com\/?page_id=63#breadcrumb"},"inLanguage":"es","potentialAction":[{"@type":"ReadAction","target":["https:\/\/jesusatado.com\/?page_id=63"]}]},{"@type":"BreadcrumbList","@id":"https:\/\/jesusatado.com\/?page_id=63#breadcrumb","itemListElement":[{"@type":"ListItem","position":1,"name":"Portada","item":"https:\/\/jesusatado.com\/"},{"@type":"ListItem","position":2,"name":"Personalidades y Autoridades de Teruel"}]},{"@type":"WebSite","@id":"https:\/\/jesusatado.com\/#website","url":"https:\/\/jesusatado.com\/","name":"","description":"Jes\u00fas Atado","potentialAction":[{"@type":"SearchAction","target":{"@type":"EntryPoint","urlTemplate":"https:\/\/jesusatado.com\/?s={search_term_string}"},"query-input":{"@type":"PropertyValueSpecification","valueRequired":true,"valueName":"search_term_string"}}],"inLanguage":"es"}]}},"_links":{"self":[{"href":"https:\/\/jesusatado.com\/index.php?rest_route=\/wp\/v2\/pages\/63","targetHints":{"allow":["GET"]}}],"collection":[{"href":"https:\/\/jesusatado.com\/index.php?rest_route=\/wp\/v2\/pages"}],"about":[{"href":"https:\/\/jesusatado.com\/index.php?rest_route=\/wp\/v2\/types\/page"}],"author":[{"embeddable":true,"href":"https:\/\/jesusatado.com\/index.php?rest_route=\/wp\/v2\/users\/2"}],"replies":[{"embeddable":true,"href":"https:\/\/jesusatado.com\/index.php?rest_route=%2Fwp%2Fv2%2Fcomments&post=63"}],"version-history":[{"count":0,"href":"https:\/\/jesusatado.com\/index.php?rest_route=\/wp\/v2\/pages\/63\/revisions"}],"wp:attachment":[{"href":"https:\/\/jesusatado.com\/index.php?rest_route=%2Fwp%2Fv2%2Fmedia&parent=63"}],"curies":[{"name":"wp","href":"https:\/\/api.w.org\/{rel}","templated":true}]}}