{"id":67,"date":"2022-04-12T07:40:44","date_gmt":"2022-04-12T07:40:44","guid":{"rendered":"http:\/\/localhost\/prueba\/?page_id=67"},"modified":"2022-04-12T07:40:44","modified_gmt":"2022-04-12T07:40:44","slug":"homenajes","status":"publish","type":"page","link":"https:\/\/jesusatado.com\/?page_id=67","title":{"rendered":"Homenajes"},"content":{"rendered":"<h2 class=\"art-postheader\">Homenajes<\/h2>\n<p>    <!-- article-content --><\/p>\n<div class=\"art-article\">\n<p>La Hermandad a lo largo de su historia ha realizado distintos homenajes o distinciones a personas que han colaborado o prestado su apoyo como por ejemplo:<\/p>\n<div>\n<ul>\n<li>El Cuerpo de Prisiones es Hermano Mayor en 1953<\/li>\n<li>Luis Guill\u00e9n Sancho en el a\u00f1o 1969<\/li>\n<li>Luis Rios Gracia en 1977<\/li>\n<li>Jos\u00e9 Navarro Do\u00f1ate \u2013 Capell\u00e1n Honorario en 1979<\/li>\n<li>Tom\u00e1s Maicas Jim\u00e9nez en 1984<\/li>\n<li>Maribel Garc\u00eda Moreno \u2013 Camarera de Honor en 1989<\/li>\n<li>Eugenio Romero Armijo (Genin) en 1989<\/li>\n<li>Francisco G\u00f3mez Sobreviela en 1990<\/li>\n<li>Antonio Angel Algora Hernando.- Hermano de Honor 1993<\/li>\n<li>Amable P\u00e9rez L\u00f3pez (Cobrador) 1993<\/li>\n<li>Luis Salvador (Zapa) en 1997<\/li>\n<li>Jos\u00e9 Rodr\u00edguez Ram\u00edrez 1997<\/li>\n<li>Manuel Abad Ramo 1997<\/li>\n<li>Luis Lozano Ramos \u2013 Director del Centro Penitenciario en su despedida<\/li>\n<li>Gabriel Fuertes (Gabi) por su desinteresada colaboraci\u00f3n en la p\u00e1gina Web en 2007.<\/li>\n<li>Aurelio Maicas, por el montaje y decoraci\u00f3n de la peana del \u201cSantico\u201d en 2007.<\/li>\n<li>Sixto Villarroya P\u00e9rez.- Por sus muchos a\u00f1os como costalero de la Virgen (2008)<\/li>\n<li>Jos\u00e9 Garzaran R\u00edos.- Por su colaboraci\u00f3n en trabajos de carpinter\u00eda. (2008).<\/li>\n<li>Maribel Garc\u00eda Moreno, en agradecimiento por el bordado y confecci\u00f3n &nbsp;del nuevo palio en 2008. Colaborando las Camareras Rosario Cercos, Miguela Garc\u00eda, Carmen M\u00aa. Vicente, Ana G\u00f3mez y Rosario Latorre.<\/li>\n<li>&nbsp;Subdirector de Tratamiento y Educadores del Centro Penitenciario (2009)Armando de Carlos; Julio Oliver; Ernesto Hern\u00e1ndez y Jos\u00e9 M. Bertolin, &nbsp;por su buen hacer&nbsp; durante el Jueves y Viernes Santo.<\/li>\n<li>Carlos-Ram\u00f3n Bayo Gregorio, por la cesi\u00f3n desinteresada de local durante la Semana Santa y sus d\u00edas previos. (2010)<\/li>\n<li>Jos\u00e9 Manuel Lorca Planes, Obispo de Teruel\/Albarracin, en su despedida. (2010).<\/li>\n<li>En el a\u00f1o 2011, por sus servicios con el mantenimiento del alumbrado y ornamentaci\u00f3n de nuestros pasos.<\/li>\n<li>Manuel L\u00f3pez Alvarez e Hijo.<\/li>\n<li>Jos\u00e9 Morata Alegre.<\/li>\n<li>Juan Cercos Segura.<\/li>\n<li>Jos\u00e9 A. Gonz\u00e1lez Romero<\/li>\n<li>Homenaje a los costaleros supervivientes de aquel a\u00f1o de 1987, Javier Vicente, Domingo Mart\u00ednez, Jos\u00e9 Luis Monje, Jos\u00e9 Antonio Garc\u00eda (Fari) y Joaqu\u00edn Saz. Igualmente entrega de Diplomas al Centro Penitenciario y al Sr. Obispo de la Di\u00f3cesis y Costaleros de nuestra Imagen titular e imposici\u00f3n de la Medalla de la Hermandad al Subdirector del Centro Penitenciario, Manuel Holguera.<\/li>\n<li>En el a\u00f1o 2013, en el cap\u00edtulo de agradecimientos se entregaron sendas placas a Antonio Dom\u00ednguez, por su jubilaci\u00f3n; al Presidente de la Junta de Hermandades y Cofrad\u00edas Jos\u00e9 Manuel Mu\u00f1oz; a D. \u00c1ngel Yuste, por su presencia en esta procesi\u00f3n penitencial y ramos de flores a la Sra. de D. \u00c1ngel y a Tere Sanz por sus XXV a\u00f1os llevando el Estandarte.<\/li>\n<li>En este a\u00f1o de 2014, en el recinto penitenciario, se homenajeo a los&nbsp;cinco cofrades salientes de la anterior Junta Directiva &nbsp;Fernando Tomas Rueda, Alfonso Mu\u00f1oz Gimeno, Francisco G\u00f3mez Sobreviela y Jos\u00e9 Liberos Belmonte, por su dedicaci\u00f3n y entrega a lo largo de estos pasados a\u00f1os a la Hermandad; Igualmente a Ana Isabel G\u00f3mez Garc\u00eda, por sus a\u00f1os dedicados a la Banda de Tambores y Bombos. En este mismo acto el Director del Centro Julio Esteban, entrego sendas placas de agradecimiento del Centro Penitenciario al Hermano Mayor saliente Fernando Tom\u00e1s y a Francisco G\u00f3mez Sobreviela por su continuo apoyo a la reinserci\u00f3n social de los internos del Centro de Teruel, manifestada cada a\u00f1o en la solicitud y concesi\u00f3n de indultos a trav\u00e9s de la Hermandad de Jes\u00fas Atado a la Columna y Ntra. Sra. de la Esperanza e igualmente tambi\u00e9n se le entreg\u00f3 otra placa a D. Luis Lozano Ramos, anterior Director de este Centro Penitenciario.<\/li>\n<\/ul>\n<\/div>\n<\/div>\n<p><!--\n\n<div id=\"book-navigation-28\" class=\"book-navigation\">\n    \n\n<ul class=\"menu\">\n\n<li class=\"leaf first\"><a href=\"\/content\/xxv-aniversario-costaleros-de-la-virgen-19741998\">XXV Aniversario Costaleros de la Virgen 1974\/1998<\/a><\/li>\n\n\n\n\n<li class=\"leaf\"><a href=\"\/content\/personalidades-y-autoridades-de-teruel\">Personalidades y Autoridades de Teruel<\/a><\/li>\n\n\n\n\n<li class=\"leaf last\"><a href=\"\/content\/directores-del-centro-penitenciario\">Directores del Centro Penitenciario<\/a><\/li>\n\n\n<\/ul>\n\n\n        \n\n<div class=\"page-links clear-block\">\n                          <a href=\"\/content\/xxv-aniversario-costaleros-de-la-virgen-19741998\" class=\"page-next\" title=\"Ir a la p\u00e1gina siguiente\">XXV Aniversario Costaleros de la Virgen 1974\/1998 \u203a<\/a>\n          <\/div>\n\n\n   <\/div>\n\n --><\/p>\n","protected":false},"excerpt":{"rendered":"<p>Homenajes La Hermandad a lo largo de su historia ha realizado distintos homenajes o distinciones a personas que han colaborado o prestado su apoyo como por ejemplo: El Cuerpo de Prisiones es Hermano Mayor en 1953 Luis Guill\u00e9n Sancho en el a\u00f1o 1969 Luis Rios Gracia en 1977 Jos\u00e9 Navarro Do\u00f1ate \u2013 Capell\u00e1n Honorario en [&hellip;]<\/p>\n","protected":false},"author":2,"featured_media":0,"parent":0,"menu_order":0,"comment_status":"closed","ping_status":"closed","template":"","meta":{"footnotes":""},"class_list":["post-67","page","type-page","status-publish","hentry"],"yoast_head":"<!-- This site is optimized with the Yoast SEO plugin v27.2 - https:\/\/yoast.com\/product\/yoast-seo-wordpress\/ -->\n<title>Homenajes -<\/title>\n<meta name=\"robots\" content=\"index, follow, max-snippet:-1, max-image-preview:large, max-video-preview:-1\" \/>\n<link rel=\"canonical\" href=\"https:\/\/jesusatado.com\/?page_id=67\" \/>\n<meta property=\"og:locale\" content=\"es_ES\" \/>\n<meta property=\"og:type\" content=\"article\" \/>\n<meta property=\"og:title\" content=\"Homenajes -\" \/>\n<meta property=\"og:description\" content=\"Homenajes La Hermandad a lo largo de su historia ha realizado distintos homenajes o distinciones a personas que han colaborado o prestado su apoyo como por ejemplo: El Cuerpo de Prisiones es Hermano Mayor en 1953 Luis Guill\u00e9n Sancho en el a\u00f1o 1969 Luis Rios Gracia en 1977 Jos\u00e9 Navarro Do\u00f1ate \u2013 Capell\u00e1n Honorario en [&hellip;]\" \/>\n<meta property=\"og:url\" content=\"https:\/\/jesusatado.com\/?page_id=67\" \/>\n<meta name=\"twitter:card\" content=\"summary_large_image\" \/>\n<meta name=\"twitter:label1\" content=\"Tiempo de lectura\" \/>\n\t<meta name=\"twitter:data1\" content=\"3 minutos\" \/>\n<script type=\"application\/ld+json\" class=\"yoast-schema-graph\">{\"@context\":\"https:\/\/schema.org\",\"@graph\":[{\"@type\":\"WebPage\",\"@id\":\"https:\/\/jesusatado.com\/?page_id=67\",\"url\":\"https:\/\/jesusatado.com\/?page_id=67\",\"name\":\"Homenajes -\",\"isPartOf\":{\"@id\":\"https:\/\/jesusatado.com\/#website\"},\"datePublished\":\"2022-04-12T07:40:44+00:00\",\"breadcrumb\":{\"@id\":\"https:\/\/jesusatado.com\/?page_id=67#breadcrumb\"},\"inLanguage\":\"es\",\"potentialAction\":[{\"@type\":\"ReadAction\",\"target\":[\"https:\/\/jesusatado.com\/?page_id=67\"]}]},{\"@type\":\"BreadcrumbList\",\"@id\":\"https:\/\/jesusatado.com\/?page_id=67#breadcrumb\",\"itemListElement\":[{\"@type\":\"ListItem\",\"position\":1,\"name\":\"Portada\",\"item\":\"https:\/\/jesusatado.com\/\"},{\"@type\":\"ListItem\",\"position\":2,\"name\":\"Homenajes\"}]},{\"@type\":\"WebSite\",\"@id\":\"https:\/\/jesusatado.com\/#website\",\"url\":\"https:\/\/jesusatado.com\/\",\"name\":\"\",\"description\":\"Jes\u00fas Atado\",\"potentialAction\":[{\"@type\":\"SearchAction\",\"target\":{\"@type\":\"EntryPoint\",\"urlTemplate\":\"https:\/\/jesusatado.com\/?s={search_term_string}\"},\"query-input\":{\"@type\":\"PropertyValueSpecification\",\"valueRequired\":true,\"valueName\":\"search_term_string\"}}],\"inLanguage\":\"es\"}]}<\/script>\n<!-- \/ Yoast SEO plugin. -->","yoast_head_json":{"title":"Homenajes -","robots":{"index":"index","follow":"follow","max-snippet":"max-snippet:-1","max-image-preview":"max-image-preview:large","max-video-preview":"max-video-preview:-1"},"canonical":"https:\/\/jesusatado.com\/?page_id=67","og_locale":"es_ES","og_type":"article","og_title":"Homenajes -","og_description":"Homenajes La Hermandad a lo largo de su historia ha realizado distintos homenajes o distinciones a personas que han colaborado o prestado su apoyo como por ejemplo: El Cuerpo de Prisiones es Hermano Mayor en 1953 Luis Guill\u00e9n Sancho en el a\u00f1o 1969 Luis Rios Gracia en 1977 Jos\u00e9 Navarro Do\u00f1ate \u2013 Capell\u00e1n Honorario en [&hellip;]","og_url":"https:\/\/jesusatado.com\/?page_id=67","twitter_card":"summary_large_image","twitter_misc":{"Tiempo de lectura":"3 minutos"},"schema":{"@context":"https:\/\/schema.org","@graph":[{"@type":"WebPage","@id":"https:\/\/jesusatado.com\/?page_id=67","url":"https:\/\/jesusatado.com\/?page_id=67","name":"Homenajes -","isPartOf":{"@id":"https:\/\/jesusatado.com\/#website"},"datePublished":"2022-04-12T07:40:44+00:00","breadcrumb":{"@id":"https:\/\/jesusatado.com\/?page_id=67#breadcrumb"},"inLanguage":"es","potentialAction":[{"@type":"ReadAction","target":["https:\/\/jesusatado.com\/?page_id=67"]}]},{"@type":"BreadcrumbList","@id":"https:\/\/jesusatado.com\/?page_id=67#breadcrumb","itemListElement":[{"@type":"ListItem","position":1,"name":"Portada","item":"https:\/\/jesusatado.com\/"},{"@type":"ListItem","position":2,"name":"Homenajes"}]},{"@type":"WebSite","@id":"https:\/\/jesusatado.com\/#website","url":"https:\/\/jesusatado.com\/","name":"","description":"Jes\u00fas Atado","potentialAction":[{"@type":"SearchAction","target":{"@type":"EntryPoint","urlTemplate":"https:\/\/jesusatado.com\/?s={search_term_string}"},"query-input":{"@type":"PropertyValueSpecification","valueRequired":true,"valueName":"search_term_string"}}],"inLanguage":"es"}]}},"_links":{"self":[{"href":"https:\/\/jesusatado.com\/index.php?rest_route=\/wp\/v2\/pages\/67","targetHints":{"allow":["GET"]}}],"collection":[{"href":"https:\/\/jesusatado.com\/index.php?rest_route=\/wp\/v2\/pages"}],"about":[{"href":"https:\/\/jesusatado.com\/index.php?rest_route=\/wp\/v2\/types\/page"}],"author":[{"embeddable":true,"href":"https:\/\/jesusatado.com\/index.php?rest_route=\/wp\/v2\/users\/2"}],"replies":[{"embeddable":true,"href":"https:\/\/jesusatado.com\/index.php?rest_route=%2Fwp%2Fv2%2Fcomments&post=67"}],"version-history":[{"count":0,"href":"https:\/\/jesusatado.com\/index.php?rest_route=\/wp\/v2\/pages\/67\/revisions"}],"wp:attachment":[{"href":"https:\/\/jesusatado.com\/index.php?rest_route=%2Fwp%2Fv2%2Fmedia&parent=67"}],"curies":[{"name":"wp","href":"https:\/\/api.w.org\/{rel}","templated":true}]}}