{"id":69,"date":"2022-04-12T07:41:38","date_gmt":"2022-04-12T07:41:38","guid":{"rendered":"http:\/\/localhost\/prueba\/?page_id=69"},"modified":"2022-04-20T08:03:50","modified_gmt":"2022-04-20T08:03:50","slug":"indultos","status":"publish","type":"page","link":"https:\/\/jesusatado.com\/?page_id=69","title":{"rendered":"Indultos"},"content":{"rendered":"<h2 class=\"art-postheader\">Indultos<\/h2>\n<div class=\"art-article\">\n<p>\u00a0Nuestra cofrad\u00eda tambi\u00e9n descata por su labor social y humanitaria y lo demuestra pidiendo todos los a\u00f1os el indulto de un recluso del Centro Penitenciaro de Teruel acudiendo en procesi\u00f3n todos los Viernes Santos a las 6 de la ma\u00f1ana.<\/p>\n<p>&nbsp;<\/p>\n<p>En los mas de\u00a064 a\u00f1os de existencia de la Hermandad se ha logrado indultar a un total de 38 ocasiones, algo de lo que nos sent\u00edmos tremendamente orgullosos y a d\u00eda de hoy seguimos cumpliendo con esta tradici\u00f3n.<\/p>\n<p>&nbsp;<\/p>\n<p>En el a\u00f1o 2006 se concedi\u00f3 el indulto a 2 reclusos, en el a\u00f1o 2007 se nos ha vuelto a conceder, al igual que en 2008, 2009,\u00a02010, 2011, 2012, 2013 y 2014 (Dos indultos).<\/p>\n<p><img fetchpriority=\"high\" decoding=\"async\" class=\"alignnone size-full wp-image-185\" src=\"https:\/\/jesusatado.com\/wp-content\/uploads\/2022\/04\/imposicion.jpg\" alt=\"\" width=\"300\" height=\"196\" \/><\/p>\n<p><!--\n\n\n<p class=\"rtecenter\"><img decoding=\"async\" alt=\"Imposici\u00f3n a D. Manuel Blas\" src=\"\/sites\/default\/files\/paginas\/imposicion.jpg\" style=\"height:196px; margin:10px; width:300px\"><\/p>\n\n\n--><\/p>\n<p>Adem\u00e1s de pedir el indulto del reo, una vez que la Cofrad\u00eda llega al Centro Penitenciario se celebran diversos actos, en especial el a\u00f1o en el que se celebr\u00f3 un peque\u00f1o homenaje a nuestro antiguo Obispo D. A<strong>ntonio Algora<\/strong> (Foto inferior) y la imposici\u00f3n de la medalla de la cofrad\u00eda al consiliario de la junta de hermandades D. <strong>Blas Sanz Yag\u00fce<\/strong> (Foto superior). En el a\u00f1o 2011, durante estos dias nos visit\u00f3 la lluvia por ello se suspendieron alguno de los actos, concretamente uno de ellos fue la \u00abbajada a la c\u00e1rcel\u00bb este a\u00f1o ten\u00edamos la novedad de poder entrar hasta el interior del recinto penitenciario. As\u00ed se hizo la lluvia dio un respiro y pudimos bajar sin h\u00e1bitos y entramos en uno de los patios, donde celebramos el acto de \u00abindulto\u00bb en presencia de nuestro Obispo y autoridades asistentes. Estamos en el a\u00f1o 2012,<span style=\"font-size: 8px;\"> <span style=\"font-family: arial;\">As\u00ed llegamos a los d\u00edas principales del Jueves y Viernes Santo, participamos en los mismos con menci\u00f3n especial en los actos celebrados en el Centro Penitenciario donde entraron hasta el primer rastrillo nuestros Pasos, con la asistencia de nuestras primeras Autoridades locales y provinciales. Pudimos ver el interior del Centro, siguiendo la pauta del a\u00f1o anterior visitando uno de los patios, un detalle del Director del Centro Julio Esteban. Nos acompa\u00f1o el Indultado n\u00famero 35 y los costaleros de este Centro que colaboraron en este a\u00f1o. Hemos llegado a 2013, <\/span><\/span><\/p>\n<p class=\"rteleft\">\u00a0 Menci\u00f3n aparte merece \u201cnuestra procesi\u00f3n de la c\u00e1rcel\u201d; en esta ocasi\u00f3n por invitaci\u00f3n de nuestra Hermandad, nos acompa\u00f1o el Secretario General de Instituciones Penitenciarias D. \u00c1ngel Yuste Castillejo, acompa\u00f1ado de nuestras autoridades religiosas, locales y provinciales. Fuimos recibidos por el Director del Centro Penitenciario Julio Esteban y otros responsables del mismo. Indultamos el interno n\u00famero 36. Posteriormente una vez celebrado el acto del \u201cIndulto\u201d, nuestro Hermano Mayor y Presidente Fernando Tom\u00e1s, tomo la palabra dando las gracias a todos los asistentes e hizo una menci\u00f3n especial dirigida a nuestro invitado D. \u00c1ngel Yuste por su visita a nuestro Teruel y a su Semana Santa. Nuestro Obispo D. Carlos nos dedico una palabras, al que le sigui\u00f3 Julio Esteban como Director del Centro, siendo D. \u00c1ngel el \u00faltimo en tomar la palabra, comentando lo agradecido de estar de nuevo en Teruel y especialmente al haber sido invitado para este acto, comentando que le gustar\u00eda volver en\u00a0 una pr\u00f3xima Semana Santa.<\/p>\n<p>&nbsp;<\/p>\n<p>Si desean ver el documento de solicitud de indulto s\u00f3lo tiene que clicar sobre el siguiente enlace.<\/p>\n<\/div>\n","protected":false},"excerpt":{"rendered":"<p>Indultos \u00a0Nuestra cofrad\u00eda tambi\u00e9n descata por su labor social y humanitaria y lo demuestra pidiendo todos los a\u00f1os el indulto de un recluso del Centro Penitenciaro de Teruel acudiendo en procesi\u00f3n todos los Viernes Santos a las 6 de la ma\u00f1ana. &nbsp; En los mas de\u00a064 a\u00f1os de existencia de la Hermandad se ha logrado [&hellip;]<\/p>\n","protected":false},"author":2,"featured_media":0,"parent":0,"menu_order":0,"comment_status":"closed","ping_status":"closed","template":"","meta":{"footnotes":""},"class_list":["post-69","page","type-page","status-publish","hentry"],"yoast_head":"<!-- This site is optimized with the Yoast SEO plugin v27.2 - https:\/\/yoast.com\/product\/yoast-seo-wordpress\/ -->\n<title>Indultos -<\/title>\n<meta name=\"robots\" content=\"index, follow, max-snippet:-1, max-image-preview:large, max-video-preview:-1\" \/>\n<link rel=\"canonical\" href=\"https:\/\/jesusatado.com\/?page_id=69\" \/>\n<meta property=\"og:locale\" content=\"es_ES\" \/>\n<meta property=\"og:type\" content=\"article\" \/>\n<meta property=\"og:title\" content=\"Indultos -\" \/>\n<meta property=\"og:description\" content=\"Indultos \u00a0Nuestra cofrad\u00eda tambi\u00e9n descata por su labor social y humanitaria y lo demuestra pidiendo todos los a\u00f1os el indulto de un recluso del Centro Penitenciaro de Teruel acudiendo en procesi\u00f3n todos los Viernes Santos a las 6 de la ma\u00f1ana. &nbsp; En los mas de\u00a064 a\u00f1os de existencia de la Hermandad se ha logrado [&hellip;]\" \/>\n<meta property=\"og:url\" content=\"https:\/\/jesusatado.com\/?page_id=69\" \/>\n<meta property=\"article:modified_time\" content=\"2022-04-20T08:03:50+00:00\" \/>\n<meta property=\"og:image\" content=\"https:\/\/jesusatado.com\/wp-content\/uploads\/2022\/04\/imposicion.jpg\" \/>\n<meta name=\"twitter:card\" content=\"summary_large_image\" \/>\n<meta name=\"twitter:label1\" content=\"Tiempo de lectura\" \/>\n\t<meta name=\"twitter:data1\" content=\"3 minutos\" \/>\n<script type=\"application\/ld+json\" class=\"yoast-schema-graph\">{\"@context\":\"https:\/\/schema.org\",\"@graph\":[{\"@type\":\"WebPage\",\"@id\":\"https:\/\/jesusatado.com\/?page_id=69\",\"url\":\"https:\/\/jesusatado.com\/?page_id=69\",\"name\":\"Indultos -\",\"isPartOf\":{\"@id\":\"https:\/\/jesusatado.com\/#website\"},\"primaryImageOfPage\":{\"@id\":\"https:\/\/jesusatado.com\/?page_id=69#primaryimage\"},\"image\":{\"@id\":\"https:\/\/jesusatado.com\/?page_id=69#primaryimage\"},\"thumbnailUrl\":\"https:\/\/jesusatado.com\/wp-content\/uploads\/2022\/04\/imposicion.jpg\",\"datePublished\":\"2022-04-12T07:41:38+00:00\",\"dateModified\":\"2022-04-20T08:03:50+00:00\",\"breadcrumb\":{\"@id\":\"https:\/\/jesusatado.com\/?page_id=69#breadcrumb\"},\"inLanguage\":\"es\",\"potentialAction\":[{\"@type\":\"ReadAction\",\"target\":[\"https:\/\/jesusatado.com\/?page_id=69\"]}]},{\"@type\":\"ImageObject\",\"inLanguage\":\"es\",\"@id\":\"https:\/\/jesusatado.com\/?page_id=69#primaryimage\",\"url\":\"https:\/\/jesusatado.com\/wp-content\/uploads\/2022\/04\/imposicion.jpg\",\"contentUrl\":\"https:\/\/jesusatado.com\/wp-content\/uploads\/2022\/04\/imposicion.jpg\",\"width\":300,\"height\":196},{\"@type\":\"BreadcrumbList\",\"@id\":\"https:\/\/jesusatado.com\/?page_id=69#breadcrumb\",\"itemListElement\":[{\"@type\":\"ListItem\",\"position\":1,\"name\":\"Portada\",\"item\":\"https:\/\/jesusatado.com\/\"},{\"@type\":\"ListItem\",\"position\":2,\"name\":\"Indultos\"}]},{\"@type\":\"WebSite\",\"@id\":\"https:\/\/jesusatado.com\/#website\",\"url\":\"https:\/\/jesusatado.com\/\",\"name\":\"\",\"description\":\"Jes\u00fas Atado\",\"potentialAction\":[{\"@type\":\"SearchAction\",\"target\":{\"@type\":\"EntryPoint\",\"urlTemplate\":\"https:\/\/jesusatado.com\/?s={search_term_string}\"},\"query-input\":{\"@type\":\"PropertyValueSpecification\",\"valueRequired\":true,\"valueName\":\"search_term_string\"}}],\"inLanguage\":\"es\"}]}<\/script>\n<!-- \/ Yoast SEO plugin. -->","yoast_head_json":{"title":"Indultos -","robots":{"index":"index","follow":"follow","max-snippet":"max-snippet:-1","max-image-preview":"max-image-preview:large","max-video-preview":"max-video-preview:-1"},"canonical":"https:\/\/jesusatado.com\/?page_id=69","og_locale":"es_ES","og_type":"article","og_title":"Indultos -","og_description":"Indultos \u00a0Nuestra cofrad\u00eda tambi\u00e9n descata por su labor social y humanitaria y lo demuestra pidiendo todos los a\u00f1os el indulto de un recluso del Centro Penitenciaro de Teruel acudiendo en procesi\u00f3n todos los Viernes Santos a las 6 de la ma\u00f1ana. &nbsp; En los mas de\u00a064 a\u00f1os de existencia de la Hermandad se ha logrado [&hellip;]","og_url":"https:\/\/jesusatado.com\/?page_id=69","article_modified_time":"2022-04-20T08:03:50+00:00","og_image":[{"url":"https:\/\/jesusatado.com\/wp-content\/uploads\/2022\/04\/imposicion.jpg","type":"","width":"","height":""}],"twitter_card":"summary_large_image","twitter_misc":{"Tiempo de lectura":"3 minutos"},"schema":{"@context":"https:\/\/schema.org","@graph":[{"@type":"WebPage","@id":"https:\/\/jesusatado.com\/?page_id=69","url":"https:\/\/jesusatado.com\/?page_id=69","name":"Indultos -","isPartOf":{"@id":"https:\/\/jesusatado.com\/#website"},"primaryImageOfPage":{"@id":"https:\/\/jesusatado.com\/?page_id=69#primaryimage"},"image":{"@id":"https:\/\/jesusatado.com\/?page_id=69#primaryimage"},"thumbnailUrl":"https:\/\/jesusatado.com\/wp-content\/uploads\/2022\/04\/imposicion.jpg","datePublished":"2022-04-12T07:41:38+00:00","dateModified":"2022-04-20T08:03:50+00:00","breadcrumb":{"@id":"https:\/\/jesusatado.com\/?page_id=69#breadcrumb"},"inLanguage":"es","potentialAction":[{"@type":"ReadAction","target":["https:\/\/jesusatado.com\/?page_id=69"]}]},{"@type":"ImageObject","inLanguage":"es","@id":"https:\/\/jesusatado.com\/?page_id=69#primaryimage","url":"https:\/\/jesusatado.com\/wp-content\/uploads\/2022\/04\/imposicion.jpg","contentUrl":"https:\/\/jesusatado.com\/wp-content\/uploads\/2022\/04\/imposicion.jpg","width":300,"height":196},{"@type":"BreadcrumbList","@id":"https:\/\/jesusatado.com\/?page_id=69#breadcrumb","itemListElement":[{"@type":"ListItem","position":1,"name":"Portada","item":"https:\/\/jesusatado.com\/"},{"@type":"ListItem","position":2,"name":"Indultos"}]},{"@type":"WebSite","@id":"https:\/\/jesusatado.com\/#website","url":"https:\/\/jesusatado.com\/","name":"","description":"Jes\u00fas Atado","potentialAction":[{"@type":"SearchAction","target":{"@type":"EntryPoint","urlTemplate":"https:\/\/jesusatado.com\/?s={search_term_string}"},"query-input":{"@type":"PropertyValueSpecification","valueRequired":true,"valueName":"search_term_string"}}],"inLanguage":"es"}]}},"_links":{"self":[{"href":"https:\/\/jesusatado.com\/index.php?rest_route=\/wp\/v2\/pages\/69","targetHints":{"allow":["GET"]}}],"collection":[{"href":"https:\/\/jesusatado.com\/index.php?rest_route=\/wp\/v2\/pages"}],"about":[{"href":"https:\/\/jesusatado.com\/index.php?rest_route=\/wp\/v2\/types\/page"}],"author":[{"embeddable":true,"href":"https:\/\/jesusatado.com\/index.php?rest_route=\/wp\/v2\/users\/2"}],"replies":[{"embeddable":true,"href":"https:\/\/jesusatado.com\/index.php?rest_route=%2Fwp%2Fv2%2Fcomments&post=69"}],"version-history":[{"count":1,"href":"https:\/\/jesusatado.com\/index.php?rest_route=\/wp\/v2\/pages\/69\/revisions"}],"predecessor-version":[{"id":311,"href":"https:\/\/jesusatado.com\/index.php?rest_route=\/wp\/v2\/pages\/69\/revisions\/311"}],"wp:attachment":[{"href":"https:\/\/jesusatado.com\/index.php?rest_route=%2Fwp%2Fv2%2Fmedia&parent=69"}],"curies":[{"name":"wp","href":"https:\/\/api.w.org\/{rel}","templated":true}]}}