{"id":77,"date":"2022-04-12T07:49:05","date_gmt":"2022-04-12T07:49:05","guid":{"rendered":"http:\/\/localhost\/prueba\/?page_id=77"},"modified":"2022-04-21T06:25:21","modified_gmt":"2022-04-21T06:25:21","slug":"nuestra-senora-de-la-esperanza","status":"publish","type":"page","link":"https:\/\/jesusatado.com\/?page_id=77","title":{"rendered":"Nuestra Se\u00f1ora de la Esperanza"},"content":{"rendered":"<h2 class=\"art-postheader\">Nuestra Se\u00f1ora de la Esperanza<\/h2>\n<p><!-- article-content --><\/p>\n<div class=\"art-article\">\n<p>Era el a\u00f1o 1962, cuando sali\u00f3 la <strong>Virgen de la Esperanza<\/strong> procesionando por las calles de Teruel. La Hermandad estrenaba imagen y manto y una sencilla peana, llevada en hombros por obreros de la empresa Vidal Guitarte (Constructor muy ligado a la Hermandad y fundador). La imagen obra del escultor valenciano Carlos Rom\u00e1n, esta <strong>tallada en madera y policromada, con 1,85 cm<\/strong>. de altura, su coste ascendi\u00f3 a 15.600 pesetas. Su largo manto, confeccionado en los talleres Santarrufina de Madrid; bordado en terciopelo verde en seda y a mano, con el escudo de municipal de nuestra ciudad en su parte central; siendo mejorado en 1979 llenando los espacios vac\u00edos con 12 rosas bordadas en oro, por las monjas clarisas de B\u00e1guena (Teruel). Para la adquisici\u00f3n de este manto se organiz\u00f3 un festival ben\u00e9fico por Radio Teruel, que tuvo su culminaci\u00f3n en un acto celebrado en el Teatro Mar\u00edn, obteni\u00e9ndose unos beneficios de 30.058 pesetas.<\/p>\n<p><img fetchpriority=\"high\" decoding=\"async\" class=\"alignnone size-full wp-image-183\" src=\"https:\/\/jesusatado.com\/wp-content\/uploads\/2022\/04\/esperanza96.jpg\" alt=\"\" width=\"425\" height=\"500\" srcset=\"https:\/\/jesusatado.com\/wp-content\/uploads\/2022\/04\/esperanza96.jpg 425w, https:\/\/jesusatado.com\/wp-content\/uploads\/2022\/04\/esperanza96-255x300.jpg 255w\" sizes=\"(max-width: 425px) 100vw, 425px\" \/><\/p>\n<p>La Hermandad en su af\u00e1n de ir mejorando la imagen de la virgen, en el a\u00f1o 1979 encarg\u00f3 al orfebre valenciano Vicente David, una nueva corona en metal y oro fino, valorada en 80.000 pesetas.<\/p>\n<p><!--\n\n\n<p class=\"rtecenter\"><img decoding=\"async\" alt=\"Paso de la Virgen de la Esperanza\" src=\"\/sites\/default\/files\/paginas\/esperanza96.jpg\" style=\"height:500px; margin:10px; width:425px\"><\/p>\n\n\n--><\/p>\n<p>Pero regresamos a aquellos primeros a\u00f1os en que fue llevada en hombros por 10 fornidos obreros, para luego posteriormente por distintos motivos hubo de ponerle medio mec\u00e1nico -era la \u00e9poca de la decadencia de nuestra Semana Santa, nos hab\u00eda llegado el 600-, para luego al llegar al a\u00f1o 1974, -la Semana Santa a\u00f1o a a\u00f1o se recuper\u00f3- y una vez rescatada la primitiva anda portadora de la virgen, volvi\u00f3 a salir en hombros con toda solemnidad portada por 10 costaleros, pasando posteriormente a 13. As\u00ed fue saliendo durante unos a\u00f1os, se construy\u00f3 una nueva anda ( A\u00f1o 1982), ampliando el n\u00famero de costaleros a 26 (bendecida por el Capell\u00e1n Honorario de la Hermandad D. Jos\u00e9 Navarro Do\u00f1ate (+), que lo era de la propia Prisi\u00f3n Provincial. Pero a nuestra imagen le faltaba su palio y en la Semana Santa de 1989, fue bendecido con toda solemnidad, igualmente su nuevo vestido y estandarte de la virgen, obra de <strong>Maribel Garc\u00eda Moreno<\/strong>, el palio consta de 4 lados bordados por ambos lados en seda y oro, vi\u00e9ndose el bordado tanto interior como exteriormente con unas dimensiones de 3,80&#215;2,15 m. y una altura de los 8 varales de 2,15 m., coste\u00e1ndose por suscripci\u00f3n popular entre todos los cofrades. Ampli\u00e1ndose a 42 costaleros. As\u00ed llegamos al a\u00f1o 1991, donde se encarga al artesano de Alcorisa (Teruel) Jos\u00e9 Felez, un anda en consonancia con las pretensiones de la Hermandad, siendo bendecida por el Obispo Diocesano D. Antonio Algora el Jueves Santo del a\u00f1o 1993, portada por 56 costaleros entre cofrades de ambos sexos.<\/p>\n<p>En 1998, se cumplieron 25 a\u00f1os llevando en hombros a la virgen, homenaje\u00e1ndose a los costaleros Samuel Vicente Falomir, Manuel L\u00f3pez \u00c1lvarez y a L\u00e1zaro y Miguel Vicente Ant\u00f3n.<\/p>\n<p>Esta peana tallada con forma de textiles, recogidos con lazos, cordones y lazos, tallado en la misma madera, preparada con aparejos para dorar y policromar. En los v\u00e9rtices o \u00e1ngulos salen unas peque\u00f1as columnas con nervios donde reposan los faroles. En sus distintos lados constan el anagrama de la hermandad, Escudo de Teruel y de la Orden Franciscana.<\/p>\n<p>Sus dimensiones son 4,45&#215;2,90&#215;90 m.<\/p>\n<p>En la Semana Santa de 2008, fueron bendecidos un nuevo \u201c<em>palio\u201d<\/em> para la Virgen de la Esperanza. Bordado en sus dos caras (8 lados) y su techo, en hilo de oro y sedas, con pedrer\u00eda. Sus dimensiones son: 3,80 x 2,15 metros. Dise\u00f1ado y bordado por Maribel Garc\u00eda Moreno, con la colaboraci\u00f3n de varias se\u00f1oras de la Secci\u00f3n de Camareras de la Virgen y de Jes\u00fas Atado a la Columna.<\/p>\n<p>En su bordado y confecci\u00f3n se emplearon <em>3.302 horas y 55 minutos.<\/em><\/p>\n<p>Soportado por 12 varales de estilo salom\u00f3nico dorados.<\/p>\n<p>Corona Ducal con resplandor a tama\u00f1o natural, cincelada a relieve, ornamentada con perlas y piedras. Rematada con bola y cruz. Dorada en oro fino y lacado para su protecci\u00f3n.<\/p>\n<p>Resplandor.- En metal cincelado a relieve. 12 estrellas dobles, ornamentadas con piedras y perlas. Dorado en oro fino y lacado.<\/p>\n<p>Obra del orfebre Vicente David de Valencia.<\/p>\n<p>Potencia para Jes\u00fas Atado en metal cincelada a relieve, calada en tama\u00f1o natural, ornamentada con piedras rojas, dorada en oro fino y lacada.<\/p>\n<p>Obra del orfebre Vicente David de Valencia.<\/p>\n<p>Todo ello fue expuesto en los locales de la Caja Rural de Teruel.<\/p>\n<\/div>\n","protected":false},"excerpt":{"rendered":"<p>Nuestra Se\u00f1ora de la Esperanza Era el a\u00f1o 1962, cuando sali\u00f3 la Virgen de la Esperanza procesionando por las calles de Teruel. La Hermandad estrenaba imagen y manto y una sencilla peana, llevada en hombros por obreros de la empresa Vidal Guitarte (Constructor muy ligado a la Hermandad y fundador). La imagen obra del escultor [&hellip;]<\/p>\n","protected":false},"author":2,"featured_media":0,"parent":0,"menu_order":0,"comment_status":"closed","ping_status":"closed","template":"","meta":{"footnotes":""},"class_list":["post-77","page","type-page","status-publish","hentry"],"yoast_head":"<!-- This site is optimized with the Yoast SEO plugin v27.2 - https:\/\/yoast.com\/product\/yoast-seo-wordpress\/ -->\n<title>Nuestra Se\u00f1ora de la Esperanza -<\/title>\n<meta name=\"robots\" content=\"index, follow, max-snippet:-1, max-image-preview:large, max-video-preview:-1\" \/>\n<link rel=\"canonical\" href=\"https:\/\/jesusatado.com\/?page_id=77\" \/>\n<meta property=\"og:locale\" content=\"es_ES\" \/>\n<meta property=\"og:type\" content=\"article\" \/>\n<meta property=\"og:title\" content=\"Nuestra Se\u00f1ora de la Esperanza -\" \/>\n<meta property=\"og:description\" content=\"Nuestra Se\u00f1ora de la Esperanza Era el a\u00f1o 1962, cuando sali\u00f3 la Virgen de la Esperanza procesionando por las calles de Teruel. La Hermandad estrenaba imagen y manto y una sencilla peana, llevada en hombros por obreros de la empresa Vidal Guitarte (Constructor muy ligado a la Hermandad y fundador). La imagen obra del escultor [&hellip;]\" \/>\n<meta property=\"og:url\" content=\"https:\/\/jesusatado.com\/?page_id=77\" \/>\n<meta property=\"article:modified_time\" content=\"2022-04-21T06:25:21+00:00\" \/>\n<meta property=\"og:image\" content=\"https:\/\/jesusatado.com\/wp-content\/uploads\/2022\/04\/esperanza96.jpg\" \/>\n<meta name=\"twitter:card\" content=\"summary_large_image\" \/>\n<meta name=\"twitter:label1\" content=\"Tiempo de lectura\" \/>\n\t<meta name=\"twitter:data1\" content=\"4 minutos\" \/>\n<script type=\"application\/ld+json\" class=\"yoast-schema-graph\">{\"@context\":\"https:\/\/schema.org\",\"@graph\":[{\"@type\":\"WebPage\",\"@id\":\"https:\/\/jesusatado.com\/?page_id=77\",\"url\":\"https:\/\/jesusatado.com\/?page_id=77\",\"name\":\"Nuestra Se\u00f1ora de la Esperanza -\",\"isPartOf\":{\"@id\":\"https:\/\/jesusatado.com\/#website\"},\"primaryImageOfPage\":{\"@id\":\"https:\/\/jesusatado.com\/?page_id=77#primaryimage\"},\"image\":{\"@id\":\"https:\/\/jesusatado.com\/?page_id=77#primaryimage\"},\"thumbnailUrl\":\"https:\/\/jesusatado.com\/wp-content\/uploads\/2022\/04\/esperanza96.jpg\",\"datePublished\":\"2022-04-12T07:49:05+00:00\",\"dateModified\":\"2022-04-21T06:25:21+00:00\",\"breadcrumb\":{\"@id\":\"https:\/\/jesusatado.com\/?page_id=77#breadcrumb\"},\"inLanguage\":\"es\",\"potentialAction\":[{\"@type\":\"ReadAction\",\"target\":[\"https:\/\/jesusatado.com\/?page_id=77\"]}]},{\"@type\":\"ImageObject\",\"inLanguage\":\"es\",\"@id\":\"https:\/\/jesusatado.com\/?page_id=77#primaryimage\",\"url\":\"https:\/\/jesusatado.com\/wp-content\/uploads\/2022\/04\/esperanza96.jpg\",\"contentUrl\":\"https:\/\/jesusatado.com\/wp-content\/uploads\/2022\/04\/esperanza96.jpg\",\"width\":425,\"height\":500},{\"@type\":\"BreadcrumbList\",\"@id\":\"https:\/\/jesusatado.com\/?page_id=77#breadcrumb\",\"itemListElement\":[{\"@type\":\"ListItem\",\"position\":1,\"name\":\"Portada\",\"item\":\"https:\/\/jesusatado.com\/\"},{\"@type\":\"ListItem\",\"position\":2,\"name\":\"Nuestra Se\u00f1ora de la Esperanza\"}]},{\"@type\":\"WebSite\",\"@id\":\"https:\/\/jesusatado.com\/#website\",\"url\":\"https:\/\/jesusatado.com\/\",\"name\":\"\",\"description\":\"Jes\u00fas Atado\",\"potentialAction\":[{\"@type\":\"SearchAction\",\"target\":{\"@type\":\"EntryPoint\",\"urlTemplate\":\"https:\/\/jesusatado.com\/?s={search_term_string}\"},\"query-input\":{\"@type\":\"PropertyValueSpecification\",\"valueRequired\":true,\"valueName\":\"search_term_string\"}}],\"inLanguage\":\"es\"}]}<\/script>\n<!-- \/ Yoast SEO plugin. -->","yoast_head_json":{"title":"Nuestra Se\u00f1ora de la Esperanza -","robots":{"index":"index","follow":"follow","max-snippet":"max-snippet:-1","max-image-preview":"max-image-preview:large","max-video-preview":"max-video-preview:-1"},"canonical":"https:\/\/jesusatado.com\/?page_id=77","og_locale":"es_ES","og_type":"article","og_title":"Nuestra Se\u00f1ora de la Esperanza -","og_description":"Nuestra Se\u00f1ora de la Esperanza Era el a\u00f1o 1962, cuando sali\u00f3 la Virgen de la Esperanza procesionando por las calles de Teruel. La Hermandad estrenaba imagen y manto y una sencilla peana, llevada en hombros por obreros de la empresa Vidal Guitarte (Constructor muy ligado a la Hermandad y fundador). La imagen obra del escultor [&hellip;]","og_url":"https:\/\/jesusatado.com\/?page_id=77","article_modified_time":"2022-04-21T06:25:21+00:00","og_image":[{"url":"https:\/\/jesusatado.com\/wp-content\/uploads\/2022\/04\/esperanza96.jpg","type":"","width":"","height":""}],"twitter_card":"summary_large_image","twitter_misc":{"Tiempo de lectura":"4 minutos"},"schema":{"@context":"https:\/\/schema.org","@graph":[{"@type":"WebPage","@id":"https:\/\/jesusatado.com\/?page_id=77","url":"https:\/\/jesusatado.com\/?page_id=77","name":"Nuestra Se\u00f1ora de la Esperanza -","isPartOf":{"@id":"https:\/\/jesusatado.com\/#website"},"primaryImageOfPage":{"@id":"https:\/\/jesusatado.com\/?page_id=77#primaryimage"},"image":{"@id":"https:\/\/jesusatado.com\/?page_id=77#primaryimage"},"thumbnailUrl":"https:\/\/jesusatado.com\/wp-content\/uploads\/2022\/04\/esperanza96.jpg","datePublished":"2022-04-12T07:49:05+00:00","dateModified":"2022-04-21T06:25:21+00:00","breadcrumb":{"@id":"https:\/\/jesusatado.com\/?page_id=77#breadcrumb"},"inLanguage":"es","potentialAction":[{"@type":"ReadAction","target":["https:\/\/jesusatado.com\/?page_id=77"]}]},{"@type":"ImageObject","inLanguage":"es","@id":"https:\/\/jesusatado.com\/?page_id=77#primaryimage","url":"https:\/\/jesusatado.com\/wp-content\/uploads\/2022\/04\/esperanza96.jpg","contentUrl":"https:\/\/jesusatado.com\/wp-content\/uploads\/2022\/04\/esperanza96.jpg","width":425,"height":500},{"@type":"BreadcrumbList","@id":"https:\/\/jesusatado.com\/?page_id=77#breadcrumb","itemListElement":[{"@type":"ListItem","position":1,"name":"Portada","item":"https:\/\/jesusatado.com\/"},{"@type":"ListItem","position":2,"name":"Nuestra Se\u00f1ora de la Esperanza"}]},{"@type":"WebSite","@id":"https:\/\/jesusatado.com\/#website","url":"https:\/\/jesusatado.com\/","name":"","description":"Jes\u00fas Atado","potentialAction":[{"@type":"SearchAction","target":{"@type":"EntryPoint","urlTemplate":"https:\/\/jesusatado.com\/?s={search_term_string}"},"query-input":{"@type":"PropertyValueSpecification","valueRequired":true,"valueName":"search_term_string"}}],"inLanguage":"es"}]}},"_links":{"self":[{"href":"https:\/\/jesusatado.com\/index.php?rest_route=\/wp\/v2\/pages\/77","targetHints":{"allow":["GET"]}}],"collection":[{"href":"https:\/\/jesusatado.com\/index.php?rest_route=\/wp\/v2\/pages"}],"about":[{"href":"https:\/\/jesusatado.com\/index.php?rest_route=\/wp\/v2\/types\/page"}],"author":[{"embeddable":true,"href":"https:\/\/jesusatado.com\/index.php?rest_route=\/wp\/v2\/users\/2"}],"replies":[{"embeddable":true,"href":"https:\/\/jesusatado.com\/index.php?rest_route=%2Fwp%2Fv2%2Fcomments&post=77"}],"version-history":[{"count":1,"href":"https:\/\/jesusatado.com\/index.php?rest_route=\/wp\/v2\/pages\/77\/revisions"}],"predecessor-version":[{"id":346,"href":"https:\/\/jesusatado.com\/index.php?rest_route=\/wp\/v2\/pages\/77\/revisions\/346"}],"wp:attachment":[{"href":"https:\/\/jesusatado.com\/index.php?rest_route=%2Fwp%2Fv2%2Fmedia&parent=77"}],"curies":[{"name":"wp","href":"https:\/\/api.w.org\/{rel}","templated":true}]}}